{"id":2633,"date":"2017-11-28T16:29:25","date_gmt":"2017-11-28T16:29:25","guid":{"rendered":"https:\/\/florecimientohumano.net\/?page_id=2633"},"modified":"2017-11-28T16:48:52","modified_gmt":"2017-11-28T16:48:52","slug":"taller-online-de-escritura-creativa-contemplativa","status":"publish","type":"page","link":"https:\/\/florecimientohumano.net\/en\/taller-online-de-escritura-creativa-contemplativa\/","title":{"rendered":"Taller Online de escritura creativa contemplativa"},"content":{"rendered":"<p>[et_pb_section fb_built=&#8221;1&#8243; fullwidth=&#8221;on&#8221; _builder_version=&#8221;3.0.89&#8243; parallax=&#8221;on&#8221;][et_pb_fullwidth_post_title meta=&#8221;off&#8221; featured_placement=&#8221;background&#8221; text_color=&#8221;light&#8221; _builder_version=&#8221;3.0.89&#8243; title_font=&#8221;|||on|||||&#8221; title_text_align=&#8221;center&#8221; title_font_size=&#8221;39px&#8221; use_background_color_gradient=&#8221;on&#8221; background_color_gradient_start=&#8221;rgba(255,255,255,0)&#8221; background_color_gradient_end=&#8221;rgba(0,0,0,0.34)&#8221; background_color_gradient_overlays_image=&#8221;on&#8221; text_orientation=&#8221;center&#8221; custom_padding=&#8221;10%|||&#8221; text_shadow_style=&#8221;preset1&#8243;][\/et_pb_fullwidth_post_title][\/et_pb_section][et_pb_section fb_built=&#8221;1&#8243; _builder_version=&#8221;3.0.89&#8243; custom_padding=&#8221;54px|0px|24px|0px&#8221;][et_pb_row _builder_version=&#8221;3.0.89&#8243;][et_pb_column type=&#8221;4_4&#8243; _builder_version=&#8221;3.0.47&#8243; parallax=&#8221;off&#8221; parallax_method=&#8221;on&#8221;][et_pb_text _builder_version=&#8221;3.0.89&#8243; text_font=&#8221;Open Sans Condensed||||||||&#8221; text_font_size=&#8221;18px&#8221; text_line_height=&#8221;1.6em&#8221;]El objetivo del taller de escritura creativa contemplativa es el autoconocimiento que lleva a una mayor libertad y amor propio. En \u00e9l se combinan herramientas narrativas en psicoterapia con herramientas de meditaci\u00f3n que potencian la capacidad sanadora de las primeras.  La propuesta es que llegues a crear desde el contacto contemplativo con tu propio ser, en una relaci\u00f3n profunda con tu \u201cpozo\u201d de sabidur\u00eda interno.<\/p>\n<p>[\/et_pb_text][et_pb_divider color=&#8221;#b7b7b7&#8243; show_divider=&#8221;on&#8221; _builder_version=&#8221;3.0.89&#8243;][\/et_pb_divider][\/et_pb_column][\/et_pb_row][\/et_pb_section][et_pb_section fb_built=&#8221;1&#8243; _builder_version=&#8221;3.0.89&#8243; background_image=&#8221;https:\/\/florecimientohumano.net\/wp-content\/uploads\/2017\/11\/pesta\u00f1a8-min.jpg&#8221; parallax=&#8221;on&#8221; parallax_method=&#8221;off&#8221;][et_pb_row custom_padding=&#8221;|||&#8221; use_background_color_gradient_1=&#8221;off&#8221; background_color_gradient_start_1=&#8221;rgba(255,255,255,0.92)&#8221; background_color_gradient_end_1=&#8221;rgba(255,255,255,0.99)&#8221; _builder_version=&#8221;3.0.89&#8243; use_background_color_gradient_2=&#8221;on&#8221; background_color_gradient_start_2=&#8221;rgba(255,255,255,0.97)&#8221; background_color_gradient_end_2=&#8221;rgba(255,255,255,0.97)&#8221; padding_top_2=&#8221;4em&#8221; padding_right_2=&#8221;2em&#8221; padding_bottom_2=&#8221;2em&#8221; padding_left_2=&#8221;2em&#8221;][et_pb_column type=&#8221;1_4&#8243; _builder_version=&#8221;3.0.47&#8243; parallax=&#8221;off&#8221; parallax_method=&#8221;on&#8221; use_background_color_gradient=&#8221;off&#8221; background_color_gradient_start=&#8221;rgba(255,255,255,0.92)&#8221; background_color_gradient_end=&#8221;rgba(255,255,255,0.99)&#8221;][\/et_pb_column][et_pb_column type=&#8221;1_2&#8243; _builder_version=&#8221;3.0.47&#8243; padding_bottom=&#8221;2em&#8221; padding_left=&#8221;2em&#8221; padding_right=&#8221;2em&#8221; padding_top=&#8221;4em&#8221; parallax=&#8221;off&#8221; parallax_method=&#8221;on&#8221; use_background_color_gradient=&#8221;on&#8221; background_color_gradient_start=&#8221;rgba(255,255,255,0.97)&#8221; background_color_gradient_end=&#8221;rgba(255,255,255,0.97)&#8221;][et_pb_text _builder_version=&#8221;3.0.89&#8243; header_font=&#8221;||||||||&#8221; header_2_font=&#8221;||||||||&#8221; header_3_font=&#8221;|700|||||||&#8221; header_3_text_align=&#8221;center&#8221; header_3_font_size=&#8221;38px&#8221; header_4_font=&#8221;||||||||&#8221; header_4_font_size=&#8221;29px&#8221;]<\/p>\n<h3>Funcionamiento<\/h3>\n<p>[\/et_pb_text][et_pb_text _builder_version=&#8221;3.0.89&#8243; text_font=&#8221;||||||||&#8221; text_font_size=&#8221;16px&#8221;]<\/p>\n<p><span>Grupos de m\u00ednimo 5 personas m\u00e1ximo 12. Nos reunimos en Google Hangouts una vez por semana durante 6 semanas.<\/span><br \/><span>El taller tiene un costo de 180\u20ac. El pago se hace al inicio por transferencia bancaria, Paypal o TransferWise.<\/span><\/p>\n<p>[\/et_pb_text][\/et_pb_column][et_pb_column type=&#8221;1_4&#8243; _builder_version=&#8221;3.0.47&#8243; parallax=&#8221;off&#8221; parallax_method=&#8221;on&#8221;][\/et_pb_column][\/et_pb_row][\/et_pb_section][et_pb_section fb_built=&#8221;1&#8243; _builder_version=&#8221;3.0.89&#8243; background_image=&#8221;https:\/\/florecimientohumano.net\/wp-content\/uploads\/2017\/11\/Porroglossum-olivaceum.jpg&#8221; parallax=&#8221;on&#8221; parallax_method=&#8221;off&#8221;][et_pb_row _builder_version=&#8221;3.0.89&#8243;][et_pb_column type=&#8221;4_4&#8243; _builder_version=&#8221;3.0.47&#8243; parallax=&#8221;off&#8221; parallax_method=&#8221;on&#8221;][et_pb_text background_layout=&#8221;dark&#8221; _builder_version=&#8221;3.0.89&#8243; text_font=&#8221;||||||||&#8221; text_font_size=&#8221;10px&#8221; header_font=&#8221;||||||||&#8221; header_3_font=&#8221;|300|||||||&#8221; header_3_font_size=&#8221;24px&#8221; text_orientation=&#8221;center&#8221; custom_padding=&#8221;|10%||10%&#8221;]<\/p>\n<h3 data-fontsize=\"24\" data-lineheight=\"36\"><strong>He tenido la fortuna de haber ayudado a\u00a0muchas personas en mi consulta.\u00a0<\/strong><strong>Esto dicen de su experiencia conmigo:<\/strong><\/h3>\n<p>[\/et_pb_text][\/et_pb_column][\/et_pb_row][et_pb_row _builder_version=&#8221;3.0.89&#8243;][et_pb_column type=&#8221;1_3&#8243; _builder_version=&#8221;3.0.47&#8243; parallax=&#8221;off&#8221; parallax_method=&#8221;on&#8221;][et_pb_testimonial author=&#8221;R.R.- Dependienta&#8221; background_color=&#8221;rgba(255,255,255,0.11)&#8221; quote_icon_color=&#8221;#f76b00&#8243; _builder_version=&#8221;3.0.89&#8243; box_shadow_style=&#8221;preset3&#8243; box_shadow_color=&#8221;rgba(12,12,12,0.3)&#8221;]\u201cHa sido una experiencia enriquecedora no solo durante su transcurso, sino en su aporte posterior. El apoyo constante de Laura, basado no s\u00f3lo en la profesionalidad sino en una cari\u00f1osa contenci\u00f3n, hace que la experiencia sea amena y encantadora.\u201d<br \/>\n[\/et_pb_testimonial][et_pb_testimonial author=&#8221;T.R.- Negociante&#8221; background_color=&#8221;rgba(255,255,255,0.11)&#8221; quote_icon_color=&#8221;#f76b00&#8243; _builder_version=&#8221;3.0.89&#8243; box_shadow_style=&#8221;preset3&#8243; box_shadow_color=&#8221;rgba(12,12,12,0.3)&#8221;]\u201cEl taller de escritura de Laura abre caminos y espacios en uno mismo. Dif\u00edciles de reconocer al principio y que se convierten en terreno habitado y abono para ir caminando, cuando empiezas a transitarlos. Son la aguja que nos hace falta para hilvanar el proceso creativo.<br \/>\nPasar por un taller de Laura es como ir reconociendo la propia m\u00fasica, para incorporarla luego a la letra.\u201d[\/et_pb_testimonial][\/et_pb_column][et_pb_column type=&#8221;1_3&#8243; _builder_version=&#8221;3.0.47&#8243; parallax=&#8221;off&#8221; parallax_method=&#8221;on&#8221;][et_pb_testimonial author=&#8221;A.M.- Editora&#8221; background_color=&#8221;rgba(255,255,255,0.11)&#8221; quote_icon_color=&#8221;#f76b00&#8243; _builder_version=&#8221;3.0.89&#8243; box_shadow_style=&#8221;preset3&#8243; box_shadow_color=&#8221;rgba(12,12,12,0.3)&#8221;]\u201cTaller muy recomendable. A nivel de escritura, proporciona infinitos recursos, tanto para afrontar la p\u00e1gina en blanco, como para desarrollar un proyecto. A nivel de autotransformaci\u00f3n, el taller proporciona herramientas no s\u00f3lo para el auto-descubrirse, sino para aprender a gestionar este creciente conocimiento de uno mismo y orientarlo hacia nuestros objetivos. Laura se adapta al proceso creativo y personal de cada uno, y es una excelente gu\u00eda!\u201d<br \/>\n[\/et_pb_testimonial][et_pb_testimonial author=&#8221;F.C. \u2013 Cooperativista&#8221; background_color=&#8221;rgba(255,255,255,0.11)&#8221; quote_icon_color=&#8221;#f76b00&#8243; _builder_version=&#8221;3.0.89&#8243; box_shadow_style=&#8221;preset3&#8243; box_shadow_color=&#8221;rgba(12,12,12,0.3)&#8221;]\u201cPara el proceso de cambio en que estoy inmerso, las ense\u00f1anzas y el acompa\u00f1amiento de Laura han sido motivadoras. Hoy soy capaz de poder descubrir el interior que se remueve\u2026..\u201d<br \/>\n[\/et_pb_testimonial][\/et_pb_column][et_pb_column type=&#8221;1_3&#8243; _builder_version=&#8221;3.0.47&#8243; parallax=&#8221;off&#8221; parallax_method=&#8221;on&#8221;][et_pb_testimonial author=&#8221;A.L.- Profesional del Marketing&#8221; background_color=&#8221;rgba(255,255,255,0.11)&#8221; quote_icon_color=&#8221;#f76b00&#8243; _builder_version=&#8221;3.0.89&#8243; box_shadow_style=&#8221;preset3&#8243; box_shadow_color=&#8221;rgba(12,12,12,0.3)&#8221;]\u201cLo que m\u00e1s me sorprendi\u00f3 durante la presentaci\u00f3n del taller es que fuese la segunda vez para una de las chicas. Luego lo entend\u00ed. Extraer lo que se lleva dentro es dif\u00edcil y expresarlo desata cierta timidez. Muchas gracias por hacer de la escritura algo sencillo y que verbalizarlo se convirtiese en un juguet\u00f3n placer. Para m\u00ed que estaba estudiando coaching, el descifrar la parte simb\u00f3lica de mi mente ha sido el complemento m\u00e1s que perfecto. Un taller 100% recomendable.\u201d<br \/>\n[\/et_pb_testimonial][\/et_pb_column][\/et_pb_row][\/et_pb_section]<\/p>\n","protected":false},"excerpt":{"rendered":"<p>El objetivo del taller de escritura creativa contemplativa es el autoconocimiento que lleva a una mayor libertad y amor propio. En \u00e9l se combinan herramientas narrativas en psicoterapia con herramientas de meditaci\u00f3n que potencian la capacidad sanadora de las primeras. La propuesta es que llegues a crear desde el contacto contemplativo con tu propio ser, [&hellip;]<\/p>\n","protected":false},"author":1,"featured_media":2652,"parent":0,"menu_order":0,"comment_status":"closed","ping_status":"closed","template":"","meta":{"_et_pb_use_builder":"on","_et_pb_old_content":"","_et_gb_content_width":"","footnotes":""},"class_list":["post-2633","page","type-page","status-publish","has-post-thumbnail","hentry"],"yoast_head":"<!-- This site is optimized with the Yoast SEO Premium plugin v24.9 (Yoast SEO v24.9) - https:\/\/yoast.com\/wordpress\/plugins\/seo\/ -->\n<title>Taller Online de escritura creativa contemplativa - Florecimiento humano<\/title>\n<meta name=\"robots\" content=\"index, follow, max-snippet:-1, max-image-preview:large, max-video-preview:-1\" \/>\n<link rel=\"canonical\" href=\"https:\/\/florecimientohumano.net\/taller-online-de-escritura-creativa-contemplativa\/\" \/>\n<meta property=\"og:locale\" content=\"en_US\" \/>\n<meta property=\"og:type\" content=\"article\" \/>\n<meta property=\"og:title\" content=\"Taller Online de escritura creativa contemplativa\" \/>\n<meta property=\"og:description\" content=\"El objetivo del taller de escritura creativa contemplativa es el autoconocimiento que lleva a una mayor libertad y amor propio. En \u00e9l se combinan herramientas narrativas en psicoterapia con herramientas de meditaci\u00f3n que potencian la capacidad sanadora de las primeras. La propuesta es que llegues a crear desde el contacto contemplativo con tu propio ser, [&hellip;]\" \/>\n<meta property=\"og:url\" content=\"https:\/\/florecimientohumano.net\/taller-online-de-escritura-creativa-contemplativa\/\" \/>\n<meta property=\"og:site_name\" content=\"Florecimiento humano\" \/>\n<meta property=\"article:modified_time\" content=\"2017-11-28T16:48:52+00:00\" \/>\n<meta property=\"og:image\" content=\"https:\/\/florecimientohumano.net\/wp-content\/uploads\/2017\/11\/pesta\u00f1a-10-min-1024x683.jpg\" \/>\n\t<meta property=\"og:image:width\" content=\"1024\" \/>\n\t<meta property=\"og:image:height\" content=\"683\" \/>\n\t<meta property=\"og:image:type\" content=\"image\/jpeg\" \/>\n<meta name=\"twitter:card\" content=\"summary_large_image\" \/>\n<meta name=\"twitter:label1\" content=\"Est. reading time\" \/>\n\t<meta name=\"twitter:data1\" content=\"5 minutes\" \/>\n<script type=\"application\/ld+json\" class=\"yoast-schema-graph\">{\"@context\":\"https:\/\/schema.org\",\"@graph\":[{\"@type\":\"WebPage\",\"@id\":\"https:\/\/florecimientohumano.net\/taller-online-de-escritura-creativa-contemplativa\/\",\"url\":\"https:\/\/florecimientohumano.net\/taller-online-de-escritura-creativa-contemplativa\/\",\"name\":\"Taller Online de escritura creativa contemplativa - Florecimiento humano\",\"isPartOf\":{\"@id\":\"https:\/\/florecimientohumano.net\/#website\"},\"primaryImageOfPage\":{\"@id\":\"https:\/\/florecimientohumano.net\/taller-online-de-escritura-creativa-contemplativa\/#primaryimage\"},\"image\":{\"@id\":\"https:\/\/florecimientohumano.net\/taller-online-de-escritura-creativa-contemplativa\/#primaryimage\"},\"thumbnailUrl\":\"https:\/\/florecimientohumano.net\/wp-content\/uploads\/2017\/11\/pesta\u00f1a-10-min.jpg\",\"datePublished\":\"2017-11-28T16:29:25+00:00\",\"dateModified\":\"2017-11-28T16:48:52+00:00\",\"breadcrumb\":{\"@id\":\"https:\/\/florecimientohumano.net\/taller-online-de-escritura-creativa-contemplativa\/#breadcrumb\"},\"inLanguage\":\"en-US\",\"potentialAction\":[{\"@type\":\"ReadAction\",\"target\":[\"https:\/\/florecimientohumano.net\/taller-online-de-escritura-creativa-contemplativa\/\"]}]},{\"@type\":\"ImageObject\",\"inLanguage\":\"en-US\",\"@id\":\"https:\/\/florecimientohumano.net\/taller-online-de-escritura-creativa-contemplativa\/#primaryimage\",\"url\":\"https:\/\/florecimientohumano.net\/wp-content\/uploads\/2017\/11\/pesta\u00f1a-10-min.jpg\",\"contentUrl\":\"https:\/\/florecimientohumano.net\/wp-content\/uploads\/2017\/11\/pesta\u00f1a-10-min.jpg\",\"width\":5760,\"height\":3840},{\"@type\":\"BreadcrumbList\",\"@id\":\"https:\/\/florecimientohumano.net\/taller-online-de-escritura-creativa-contemplativa\/#breadcrumb\",\"itemListElement\":[{\"@type\":\"ListItem\",\"position\":1,\"name\":\"Portada\",\"item\":\"https:\/\/florecimientohumano.net\/\"},{\"@type\":\"ListItem\",\"position\":2,\"name\":\"Taller Online de escritura creativa contemplativa\"}]},{\"@type\":\"WebSite\",\"@id\":\"https:\/\/florecimientohumano.net\/#website\",\"url\":\"https:\/\/florecimientohumano.net\/\",\"name\":\"Florecimiento humano\",\"description\":\"Acompa\u00f1amiento online con esencia budista\",\"potentialAction\":[{\"@type\":\"SearchAction\",\"target\":{\"@type\":\"EntryPoint\",\"urlTemplate\":\"https:\/\/florecimientohumano.net\/?s={search_term_string}\"},\"query-input\":{\"@type\":\"PropertyValueSpecification\",\"valueRequired\":true,\"valueName\":\"search_term_string\"}}],\"inLanguage\":\"en-US\"}]}<\/script>\n<!-- \/ Yoast SEO Premium plugin. -->","yoast_head_json":{"title":"Taller Online de escritura creativa contemplativa - Florecimiento humano","robots":{"index":"index","follow":"follow","max-snippet":"max-snippet:-1","max-image-preview":"max-image-preview:large","max-video-preview":"max-video-preview:-1"},"canonical":"https:\/\/florecimientohumano.net\/taller-online-de-escritura-creativa-contemplativa\/","og_locale":"en_US","og_type":"article","og_title":"Taller Online de escritura creativa contemplativa","og_description":"El objetivo del taller de escritura creativa contemplativa es el autoconocimiento que lleva a una mayor libertad y amor propio. En \u00e9l se combinan herramientas narrativas en psicoterapia con herramientas de meditaci\u00f3n que potencian la capacidad sanadora de las primeras. La propuesta es que llegues a crear desde el contacto contemplativo con tu propio ser, [&hellip;]","og_url":"https:\/\/florecimientohumano.net\/taller-online-de-escritura-creativa-contemplativa\/","og_site_name":"Florecimiento humano","article_modified_time":"2017-11-28T16:48:52+00:00","og_image":[{"width":1024,"height":683,"url":"https:\/\/florecimientohumano.net\/wp-content\/uploads\/2017\/11\/pesta\u00f1a-10-min-1024x683.jpg","type":"image\/jpeg"}],"twitter_card":"summary_large_image","twitter_misc":{"Est. reading time":"5 minutes"},"schema":{"@context":"https:\/\/schema.org","@graph":[{"@type":"WebPage","@id":"https:\/\/florecimientohumano.net\/taller-online-de-escritura-creativa-contemplativa\/","url":"https:\/\/florecimientohumano.net\/taller-online-de-escritura-creativa-contemplativa\/","name":"Taller Online de escritura creativa contemplativa - Florecimiento humano","isPartOf":{"@id":"https:\/\/florecimientohumano.net\/#website"},"primaryImageOfPage":{"@id":"https:\/\/florecimientohumano.net\/taller-online-de-escritura-creativa-contemplativa\/#primaryimage"},"image":{"@id":"https:\/\/florecimientohumano.net\/taller-online-de-escritura-creativa-contemplativa\/#primaryimage"},"thumbnailUrl":"https:\/\/florecimientohumano.net\/wp-content\/uploads\/2017\/11\/pesta\u00f1a-10-min.jpg","datePublished":"2017-11-28T16:29:25+00:00","dateModified":"2017-11-28T16:48:52+00:00","breadcrumb":{"@id":"https:\/\/florecimientohumano.net\/taller-online-de-escritura-creativa-contemplativa\/#breadcrumb"},"inLanguage":"en-US","potentialAction":[{"@type":"ReadAction","target":["https:\/\/florecimientohumano.net\/taller-online-de-escritura-creativa-contemplativa\/"]}]},{"@type":"ImageObject","inLanguage":"en-US","@id":"https:\/\/florecimientohumano.net\/taller-online-de-escritura-creativa-contemplativa\/#primaryimage","url":"https:\/\/florecimientohumano.net\/wp-content\/uploads\/2017\/11\/pesta\u00f1a-10-min.jpg","contentUrl":"https:\/\/florecimientohumano.net\/wp-content\/uploads\/2017\/11\/pesta\u00f1a-10-min.jpg","width":5760,"height":3840},{"@type":"BreadcrumbList","@id":"https:\/\/florecimientohumano.net\/taller-online-de-escritura-creativa-contemplativa\/#breadcrumb","itemListElement":[{"@type":"ListItem","position":1,"name":"Portada","item":"https:\/\/florecimientohumano.net\/"},{"@type":"ListItem","position":2,"name":"Taller Online de escritura creativa contemplativa"}]},{"@type":"WebSite","@id":"https:\/\/florecimientohumano.net\/#website","url":"https:\/\/florecimientohumano.net\/","name":"Florecimiento humano","description":"Acompa\u00f1amiento online con esencia budista","potentialAction":[{"@type":"SearchAction","target":{"@type":"EntryPoint","urlTemplate":"https:\/\/florecimientohumano.net\/?s={search_term_string}"},"query-input":{"@type":"PropertyValueSpecification","valueRequired":true,"valueName":"search_term_string"}}],"inLanguage":"en-US"}]}},"_links":{"self":[{"href":"https:\/\/florecimientohumano.net\/en\/wp-json\/wp\/v2\/pages\/2633","targetHints":{"allow":["GET"]}}],"collection":[{"href":"https:\/\/florecimientohumano.net\/en\/wp-json\/wp\/v2\/pages"}],"about":[{"href":"https:\/\/florecimientohumano.net\/en\/wp-json\/wp\/v2\/types\/page"}],"author":[{"embeddable":true,"href":"https:\/\/florecimientohumano.net\/en\/wp-json\/wp\/v2\/users\/1"}],"replies":[{"embeddable":true,"href":"https:\/\/florecimientohumano.net\/en\/wp-json\/wp\/v2\/comments?post=2633"}],"version-history":[{"count":3,"href":"https:\/\/florecimientohumano.net\/en\/wp-json\/wp\/v2\/pages\/2633\/revisions"}],"predecessor-version":[{"id":2677,"href":"https:\/\/florecimientohumano.net\/en\/wp-json\/wp\/v2\/pages\/2633\/revisions\/2677"}],"wp:featuredmedia":[{"embeddable":true,"href":"https:\/\/florecimientohumano.net\/en\/wp-json\/wp\/v2\/media\/2652"}],"wp:attachment":[{"href":"https:\/\/florecimientohumano.net\/en\/wp-json\/wp\/v2\/media?parent=2633"}],"curies":[{"name":"wp","href":"https:\/\/api.w.org\/{rel}","templated":true}]}}