{"id":2635,"date":"2017-11-28T16:29:27","date_gmt":"2017-11-28T16:29:27","guid":{"rendered":"https:\/\/florecimientohumano.net\/?page_id=2635"},"modified":"2018-01-25T19:48:33","modified_gmt":"2018-01-25T19:48:33","slug":"apoyo-a-mujeres-que-afrontan-una-separacion-de-pareja","status":"publish","type":"page","link":"https:\/\/florecimientohumano.net\/en\/apoyo-a-mujeres-que-afrontan-una-separacion-de-pareja\/","title":{"rendered":"Apoyo a mujeres que afrontan una separaci\u00f3n de pareja"},"content":{"rendered":"<p>[et_pb_section fb_built=&#8221;1&#8243; fullwidth=&#8221;on&#8221; _builder_version=&#8221;3.0.89&#8243; parallax=&#8221;on&#8221;][et_pb_fullwidth_post_title meta=&#8221;off&#8221; featured_placement=&#8221;background&#8221; text_color=&#8221;light&#8221; _builder_version=&#8221;3.0.89&#8243; title_font=&#8221;|||on|||||&#8221; title_text_align=&#8221;center&#8221; title_font_size=&#8221;39px&#8221; use_background_color_gradient=&#8221;on&#8221; background_color_gradient_start=&#8221;rgba(255,255,255,0)&#8221; background_color_gradient_end=&#8221;rgba(0,0,0,0.34)&#8221; background_color_gradient_overlays_image=&#8221;on&#8221; text_orientation=&#8221;center&#8221; custom_padding=&#8221;10%|||&#8221; text_shadow_style=&#8221;preset1&#8243;][\/et_pb_fullwidth_post_title][\/et_pb_section][et_pb_section fb_built=&#8221;1&#8243; _builder_version=&#8221;3.0.89&#8243; custom_padding=&#8221;54px|0px|24px|0px&#8221;][et_pb_row _builder_version=&#8221;3.0.89&#8243;][et_pb_column type=&#8221;4_4&#8243; _builder_version=&#8221;3.0.47&#8243; parallax=&#8221;off&#8221; parallax_method=&#8221;on&#8221;][et_pb_text _builder_version=&#8221;3.0.89&#8243; text_font=&#8221;Open Sans Condensed||||||||&#8221; text_font_size=&#8221;18px&#8221; text_line_height=&#8221;1.6em&#8221;]Un alto porcentaje de mis clientes desde hace 10 a\u00f1os son mujeres que est\u00e1n atravesando por una separaci\u00f3n de pareja. La experiencia me ha permitido comprobar la utilidad\u00a0tienen las herramientas de la psicolog\u00eda budista para aportar serenidad, paz, felicidad y amor propio a los tr\u00e1nsitos de una separaci\u00f3n.<\/p>\n<p><strong><span><a href=\"https:\/\/florecimientohumano.net\/apoyo-a-mujeres-que-afrontan-una-separacion-de-pareja\/#testimonials\">Puedes ver testimonios de personas que han hecho procesos conmigo\u00a0haciendo click aqu\u00ed.\u00a0<\/a><\/span><\/strong>[\/et_pb_text][et_pb_divider color=&#8221;#b7b7b7&#8243; show_divider=&#8221;on&#8221; _builder_version=&#8221;3.0.89&#8243;][\/et_pb_divider][\/et_pb_column][\/et_pb_row][\/et_pb_section][et_pb_section fb_built=&#8221;1&#8243; _builder_version=&#8221;3.0.89&#8243; background_image=&#8221;https:\/\/florecimientohumano.net\/wp-content\/uploads\/2017\/11\/Pesta\u00f1a13-min.jpg&#8221; parallax=&#8221;on&#8221; parallax_method=&#8221;off&#8221;][et_pb_row custom_padding=&#8221;|||&#8221; padding_top_1=&#8221;4em&#8221; padding_right_1=&#8221;2em&#8221; padding_bottom_1=&#8221;2em&#8221; padding_left_1=&#8221;2em&#8221; use_background_color_gradient_1=&#8221;on&#8221; background_color_gradient_start_1=&#8221;rgba(255,255,255,0.92)&#8221; background_color_gradient_end_1=&#8221;rgba(255,255,255,0.92)&#8221; _builder_version=&#8221;3.0.89&#8243;][et_pb_column type=&#8221;2_3&#8243; _builder_version=&#8221;3.0.47&#8243; padding_bottom=&#8221;2em&#8221; padding_left=&#8221;2em&#8221; padding_right=&#8221;2em&#8221; padding_top=&#8221;4em&#8221; parallax=&#8221;off&#8221; parallax_method=&#8221;on&#8221; use_background_color_gradient=&#8221;on&#8221; background_color_gradient_start=&#8221;rgba(255,255,255,0.92)&#8221; background_color_gradient_end=&#8221;rgba(255,255,255,0.92)&#8221;][et_pb_text _builder_version=&#8221;3.0.89&#8243; text_font=&#8221;||||||||&#8221; text_font_size=&#8221;16px&#8221;]<\/p>\n<p><span>Un alto porcentaje de las personas que atiendo en mi consulta, son mujeres que me han buscado con el deseo de encontrar m\u00e1s herramientas para afrontar una ruptura de pareja. Algunas vienen porque desean salir de una relaci\u00f3n t\u00f3xica pero no lo consiguen, otras porque la relaci\u00f3n ya se ha roto, sea por decisi\u00f3n suya o \u00a0de su pareja.<\/span><\/p>\n<p>Para muchas mujeres, la ruptura de una relaci\u00f3n en la que hab\u00edan invertido y construido, significa el replanteamiento de muchas cosas y sobre todo, una dosis importante de sufrimiento en diferentes formas: Tristeza, rabia, miedo, frustraci\u00f3n, sentimientos de minusval\u00eda e incompetencia, incertidumbre, dificultad para perdonar, ansiedad, desconexi\u00f3n con lo placentero de la vida, desesperaci\u00f3n, necesidad de control, pensamientos obsesivos \u2013entre los cuales muchas fantas\u00edas de que las cosas sean o hayan sido diferentes-, dudas profundas sobre la propia capacidad de elegir bien o de amar bien, cuestionamientos sobre la viabilidad de lo que a ellas les gustar\u00eda vivir como pareja, repaso continuo de las cosas perdidas e imaginaci\u00f3n c\u00edclica de c\u00f3mo ser\u00e1n los encuentros casuales o planeados con el\/la ex\u2026 en fin, son un sinn\u00famero de manifestaciones emocionales y mentales del dolor las que saboreamos tras una ruptura. Hablamos de un tipo de duelo con unas caracter\u00edsticas particulares, que pueden ser diferentes seg\u00fan las circunstancias (el apoyo con el que se cuente, si hay hijos o no, si hay divorcio de por medio, la duraci\u00f3n de la relaci\u00f3n, las condiciones de la ruptura, entre muchas otras).<\/p>\n<p>[\/et_pb_text][\/et_pb_column][et_pb_column type=&#8221;1_3&#8243; _builder_version=&#8221;3.0.47&#8243; parallax=&#8221;off&#8221; parallax_method=&#8221;on&#8221;][\/et_pb_column][\/et_pb_row][\/et_pb_section][et_pb_section fb_built=&#8221;1&#8243; _builder_version=&#8221;3.0.89&#8243; background_image=&#8221;https:\/\/florecimientohumano.net\/wp-content\/uploads\/2017\/11\/Vanda-suavis.jpg&#8221; parallax=&#8221;on&#8221; parallax_method=&#8221;off&#8221;][et_pb_row custom_padding=&#8221;|||&#8221; padding_top_2=&#8221;4em&#8221; padding_right_2=&#8221;2em&#8221; padding_bottom_2=&#8221;2em&#8221; padding_left_2=&#8221;2em&#8221; use_background_color_gradient_1=&#8221;off&#8221; use_background_color_gradient_2=&#8221;on&#8221; background_color_gradient_start_1=&#8221;rgba(255,255,255,0.92)&#8221; background_color_gradient_start_2=&#8221;rgba(255,255,255,0.92)&#8221; background_color_gradient_end_1=&#8221;rgba(214,214,214,0.74)&#8221; background_color_gradient_end_2=&#8221;rgba(255,255,255,0.92)&#8221; _builder_version=&#8221;3.0.89&#8243;][et_pb_column type=&#8221;1_3&#8243; _builder_version=&#8221;3.0.47&#8243; parallax=&#8221;off&#8221; parallax_method=&#8221;on&#8221; use_background_color_gradient=&#8221;off&#8221; background_color_gradient_start=&#8221;rgba(255,255,255,0.92)&#8221; background_color_gradient_end=&#8221;rgba(214,214,214,0.74)&#8221;][\/et_pb_column][et_pb_column type=&#8221;2_3&#8243; _builder_version=&#8221;3.0.47&#8243; padding_bottom=&#8221;2em&#8221; padding_left=&#8221;2em&#8221; padding_right=&#8221;2em&#8221; padding_top=&#8221;4em&#8221; parallax=&#8221;off&#8221; parallax_method=&#8221;on&#8221; use_background_color_gradient=&#8221;on&#8221; background_color_gradient_start=&#8221;rgba(255,255,255,0.92)&#8221; background_color_gradient_end=&#8221;rgba(255,255,255,0.92)&#8221;][et_pb_text _builder_version=&#8221;3.0.89&#8243; text_font=&#8221;||||||||&#8221; text_font_size=&#8221;16px&#8221;]<\/p>\n<p><span>Es muy extra\u00f1o encontrar mujeres que no hayan enfrentado la p\u00e9rdida de una relaci\u00f3n. Yo misma lo he experimentado varias veces y de diferentes formas, viviendo cada vez un escenario diferente y reconociendo en m\u00ed misma muchos de los elementos que veo en mis pacientes. Por eso tambi\u00e9n puedo relacionarme con las circunstancias de cada una desde un m\u00e1ximo respeto, porque s\u00e9 que cada vivencia del duelo es \u00fanica. Desde el momento en que abr\u00ed mi consulta en Barcelona hace ya a\u00f1os, comenc\u00e9 a recibir mujeres que estaban afrontando \u00a0rupturas con sus parejas y ello me ha llevado a acumular una importante experiencia, como tambi\u00e9n me incita a pensar en ayudar con la sistematizaci\u00f3n de posibilidades estrat\u00e9gicas \u00fatiles para recorrer tales situaciones. \u00a0La vida me especializ\u00f3 en ello y ha sido un regalo.<\/span><\/p>\n<p>Hasta la fecha he ayudado satisfactoriamente a numerosas mujeres a atravesar por los particulares de su ruptura, y en los \u00faltimos a\u00f1os he comprobado la gran utilidad que tienen las herramientas de la psicolog\u00eda budista para aportar serenidad, paz, felicidad y amor propio a los tr\u00e1nsitos de una separaci\u00f3n. S\u00e9 por experiencia propia\u00a0 de las clientes que han pasado por mi cuidado, que en el proceso de superar una ruptura es indispensable vivir la experiencia y permitirse el dolor y su comprensi\u00f3n, labores que se facilitan mucho si se cuenta con buen apoyo personal y\/o profesional. De igual manera, tambi\u00e9n he constatado que un tr\u00e1nsito pleno puede traerte experiencias maravillosas, divertidas, de profundo autoconocimiento y sobre todo, de gran crecimiento.<\/p>\n<p>[\/et_pb_text][\/et_pb_column][\/et_pb_row][\/et_pb_section][et_pb_section fb_built=&#8221;1&#8243; module_id=&#8221;testimonials&#8221; _builder_version=&#8221;3.0.89&#8243; background_image=&#8221;https:\/\/florecimientohumano.net\/wp-content\/uploads\/2017\/11\/Porroglossum-olivaceum.jpg&#8221; parallax=&#8221;on&#8221; parallax_method=&#8221;off&#8221;][et_pb_row _builder_version=&#8221;3.0.89&#8243;][et_pb_column type=&#8221;4_4&#8243; _builder_version=&#8221;3.0.89&#8243; parallax=&#8221;off&#8221; parallax_method=&#8221;on&#8221;][et_pb_text background_layout=&#8221;dark&#8221; _builder_version=&#8221;3.0.89&#8243; text_font=&#8221;||||||||&#8221; text_font_size=&#8221;10px&#8221; header_font=&#8221;||||||||&#8221; header_3_font=&#8221;|300|||||||&#8221; header_3_font_size=&#8221;24px&#8221; text_orientation=&#8221;center&#8221; custom_padding=&#8221;|10%||10%&#8221;]<\/p>\n<h3 data-fontsize=\"24\" data-lineheight=\"36\"><strong>He tenido la fortuna de haber ayudado a\u00a0muchas personas en mi consulta.\u00a0<\/strong><strong>Esto dicen de su experiencia conmigo:<\/strong><\/h3>\n<p>[\/et_pb_text][\/et_pb_column][\/et_pb_row][et_pb_row _builder_version=&#8221;3.0.89&#8243;][et_pb_column type=&#8221;1_3&#8243; _builder_version=&#8221;3.0.89&#8243; parallax=&#8221;off&#8221; parallax_method=&#8221;on&#8221;][et_pb_testimonial author=&#8221;Diana Palafox, Dise\u00f1adora&#8221; portrait_url=&#8221;https:\/\/florecimientohumano.net\/wp-content\/uploads\/2017\/11\/IMG_9312-e1476375841457-1024x768_edited.jpg&#8221; background_color=&#8221;rgba(255,255,255,0.11)&#8221; quote_icon_color=&#8221;#f76b00&#8243; _builder_version=&#8221;3.0.89&#8243; box_shadow_style=&#8221;preset3&#8243; box_shadow_color=&#8221;rgba(12,12,12,0.3)&#8221;]<\/p>\n<p>Mi experiencia con Laura desde el inicio ha sido muy enriquecedora.<br \/>\nPuedo asegurar que gracias a ella y al trabajo que hemos hecho juntas a trav\u00e9s de este tiempo he crecido much\u00edsimo en varios aspectos mi vida que incluso jam\u00e1s pens\u00e9 que podr\u00eda cambiar.<br \/>\nDefinitivamente ir con ella a terapia marc\u00f3 un antes y un despu\u00e9s en mi vida, ha sido un proceso muy bonito, lleno de aprendizajes, lleno de retos, pero sobre todo, lleno de satisfacciones.<\/p>\n<p>[\/et_pb_testimonial][et_pb_testimonial author=&#8221;I.B. Emprendedora&#8221; background_color=&#8221;rgba(255,255,255,0.11)&#8221; quote_icon_color=&#8221;#f76b00&#8243; _builder_version=&#8221;3.0.89&#8243; box_shadow_style=&#8221;preset3&#8243; box_shadow_color=&#8221;rgba(12,12,12,0.3)&#8221;]Lo que m\u00e1s destacar\u00eda de las sesiones con Laura ser\u00eda la sensaci\u00f3n de estar muy acompa\u00f1ada\u2026 y a la vez sentir que el proceso es muy de uno mismo y no hay dependencia con el terapeuta. Esta sensaci\u00f3n me pareci\u00f3 profundamente sana.<br \/>\n[\/et_pb_testimonial][et_pb_testimonial author=&#8221;E.L. Bibliotecaria y profesora&#8221; background_color=&#8221;rgba(255,255,255,0.11)&#8221; quote_icon_color=&#8221;#f76b00&#8243; _builder_version=&#8221;3.0.89&#8243; box_shadow_style=&#8221;preset3&#8243; box_shadow_color=&#8221;rgba(12,12,12,0.3)&#8221;]\u201cBuscaba un espacio en donde poder crecer sin l\u00edmites y en libertad, donde reencontrame con mi esencia, en sesiones atemporales no limitadas por las cuatro paredes, por las creencias personales y los estereotipos psicol\u00f3gicos, con alguien sabia, paciente y generosa y con una visi\u00f3n global. Alguien, por encima de todo, con un gran trabajo interior que se sigue haciendo a s\u00ed misma de manera muy creativa. Una artista del crecimiento interior\u201d[\/et_pb_testimonial][\/et_pb_column][et_pb_column type=&#8221;1_3&#8243; _builder_version=&#8221;3.0.89&#8243; parallax=&#8221;off&#8221; parallax_method=&#8221;on&#8221;][et_pb_testimonial author=&#8221;Laura Freire, Artesana&#8221; background_color=&#8221;rgba(255,255,255,0.11)&#8221; quote_icon_color=&#8221;#f76b00&#8243; _builder_version=&#8221;3.0.89&#8243; box_shadow_style=&#8221;preset3&#8243; box_shadow_color=&#8221;rgba(12,12,12,0.3)&#8221;]Laura tiene un gran repertorio de herramientas para acompa\u00f1ar a cada persona en su proceso. En cada sesi\u00f3n con ella sent\u00eda que era capaz de hacer un poco m\u00e1s de luz sobre mi misma. Gracias a ella aprend\u00ed t\u00e9cnicas pr\u00e1cticas para enfocar cuestiones personales que sigo aplicando con \u00e9xito desde entonces.<br \/>\n[\/et_pb_testimonial][et_pb_testimonial author=&#8221;I.J. Traductora&#8221; background_color=&#8221;rgba(255,255,255,0.11)&#8221; quote_icon_color=&#8221;#f76b00&#8243; _builder_version=&#8221;3.0.89&#8243; box_shadow_style=&#8221;preset3&#8243; box_shadow_color=&#8221;rgba(12,12,12,0.3)&#8221;]La terapia de Laura es \u00fatil y divertida. \u00datil porque est\u00e1 enfocada a objetivos concretos: si uno divaga es porque quiere, ya que ella ve una meta en cada sesi\u00f3n. Y divertida, porque se vale de todo tipo de recursos, algunos de ellos especialmente creativos, que sirven de verdad para estimular y abrir la mente.<br \/>\n[\/et_pb_testimonial][et_pb_testimonial author=&#8221;S.T. Estudiante&#8221; background_color=&#8221;rgba(255,255,255,0.11)&#8221; quote_icon_color=&#8221;#f76b00&#8243; _builder_version=&#8221;3.0.89&#8243; box_shadow_style=&#8221;preset3&#8243; box_shadow_color=&#8221;rgba(12,12,12,0.3)&#8221;]Llegu\u00e9 a su consulta con grandes ataques de ansiedad, y una sensaci\u00f3n de desconcierto y desagrado con mi vida, fruto de llevar a\u00f1os perdida. Gracias a la terapia ya no s\u00f3lo me conozco mejor, sino que siento que por primera vez en mi vida aquello que hago y aquello que quiero van de la mano. Laura me ha ayudado a desatarme de las cadenas a las que sent\u00eda que la sociedad y mis miedos me hab\u00edan atado, y a sentirme libre, en paz y armon\u00eda con aquello que de verdad soy. Para m\u00ed ha sido m\u00e1s como un taller de crecimiento personal, totalmente provechoso, y me ha dado claves para seguir creciendo por mi cuenta, brind\u00e1ndome una autonom\u00eda que la mayor\u00eda de terapias convencionales no ofrecen.\u201d[\/et_pb_testimonial][\/et_pb_column][et_pb_column type=&#8221;1_3&#8243; _builder_version=&#8221;3.0.89&#8243; parallax=&#8221;off&#8221; parallax_method=&#8221;on&#8221;][et_pb_testimonial author=&#8221;J.U. Ingeniero&#8221; background_color=&#8221;rgba(255,255,255,0.11)&#8221; quote_icon_color=&#8221;#f76b00&#8243; _builder_version=&#8221;3.0.89&#8243; box_shadow_style=&#8221;preset3&#8243; box_shadow_color=&#8221;rgba(12,12,12,0.3)&#8221;]Cuando por recomendaci\u00f3n acud\u00ed a Laura me sent\u00eda tremendamente triste y con ansiedad, me costaba comer y conciliar el sue\u00f1o\u2026 una noticia familiar inesperada hizo que todo se tambalease. El mundo se derrumbaba y sent\u00eda miedo al futuro. Ya desde el primer d\u00eda con ella las cosas empezaron a cambiar y despu\u00e9s de varias sesiones estoy genial. Laura, muchas gracias por tu profesionalidad y tu humanidad.<br \/>\n[\/et_pb_testimonial][et_pb_testimonial author=&#8221;P. Ros. Dise\u00f1adora&#8221; background_color=&#8221;rgba(255,255,255,0.11)&#8221; quote_icon_color=&#8221;#f76b00&#8243; _builder_version=&#8221;3.0.89&#8243; box_shadow_style=&#8221;preset3&#8243; box_shadow_color=&#8221;rgba(12,12,12,0.3)&#8221;]<\/p>\n<p>Laura me ofrece continuamente nuevos conocimientos y herramientas.<br \/>\nDesde que he empezado las sesiones con ella noto que avanzo y me desencallo de viejas rutinas muy enquistadas.<br \/>\nSiento que su mirada est\u00e1 llena de una sabidur\u00eda que me ayuda a recorrer mi camino.<\/p>\n<p>[\/et_pb_testimonial][et_pb_testimonial author=&#8221;R.T. Ge\u00f3logo&#8221; background_color=&#8221;rgba(255,255,255,0.11)&#8221; quote_icon_color=&#8221;#f76b00&#8243; _builder_version=&#8221;3.0.89&#8243; box_shadow_style=&#8221;preset3&#8243; box_shadow_color=&#8221;rgba(12,12,12,0.3)&#8221;]\u201cNo he vivido ni una revoluci\u00f3n ni una revelaci\u00f3n. Lo \u00fanico que puedo decir es que ya no me siento solo para enfrentarme a mis defectos y fantasmas, y que ahora, por fin, parece algo m\u00e1s f\u00e1cil. En los peores momentos de mis compulsiones o enga\u00f1os, algo de Laura esta en m\u00ed para ayudarme a pasar la tormenta.\u201d[\/et_pb_testimonial][\/et_pb_column][\/et_pb_row][\/et_pb_section]<\/p>\n","protected":false},"excerpt":{"rendered":"<p>Un alto porcentaje de mis clientes desde hace 10 a\u00f1os son mujeres que est\u00e1n atravesando por una separaci\u00f3n de pareja. La experiencia me ha permitido comprobar la utilidad\u00a0tienen las herramientas de la psicolog\u00eda budista para aportar serenidad, paz, felicidad y amor propio a los tr\u00e1nsitos de una separaci\u00f3n. Puedes ver testimonios de personas que han [&hellip;]<\/p>\n","protected":false},"author":1,"featured_media":2649,"parent":0,"menu_order":0,"comment_status":"closed","ping_status":"closed","template":"","meta":{"_et_pb_use_builder":"on","_et_pb_old_content":"","_et_gb_content_width":"","footnotes":""},"class_list":["post-2635","page","type-page","status-publish","has-post-thumbnail","hentry"],"yoast_head":"<!-- This site is optimized with the Yoast SEO Premium plugin v24.9 (Yoast SEO v24.9) - https:\/\/yoast.com\/wordpress\/plugins\/seo\/ -->\n<title>Apoyo a mujeres que afrontan una separaci\u00f3n de pareja - Florecimiento humano<\/title>\n<meta name=\"robots\" content=\"index, follow, max-snippet:-1, max-image-preview:large, max-video-preview:-1\" \/>\n<link rel=\"canonical\" href=\"https:\/\/florecimientohumano.net\/apoyo-a-mujeres-que-afrontan-una-separacion-de-pareja\/\" \/>\n<meta property=\"og:locale\" content=\"en_US\" \/>\n<meta property=\"og:type\" content=\"article\" \/>\n<meta property=\"og:title\" content=\"Apoyo a mujeres que afrontan una separaci\u00f3n de pareja\" \/>\n<meta property=\"og:description\" content=\"Un alto porcentaje de mis clientes desde hace 10 a\u00f1os son mujeres que est\u00e1n atravesando por una separaci\u00f3n de pareja. La experiencia me ha permitido comprobar la utilidad\u00a0tienen las herramientas de la psicolog\u00eda budista para aportar serenidad, paz, felicidad y amor propio a los tr\u00e1nsitos de una separaci\u00f3n. Puedes ver testimonios de personas que han [&hellip;]\" \/>\n<meta property=\"og:url\" content=\"https:\/\/florecimientohumano.net\/apoyo-a-mujeres-que-afrontan-una-separacion-de-pareja\/\" \/>\n<meta property=\"og:site_name\" content=\"Florecimiento humano\" \/>\n<meta property=\"article:modified_time\" content=\"2018-01-25T19:48:33+00:00\" \/>\n<meta property=\"og:image\" content=\"https:\/\/florecimientohumano.net\/wp-content\/uploads\/2017\/11\/pesta\u00f1as-2-min-1024x683.jpg\" \/>\n\t<meta property=\"og:image:width\" content=\"1024\" \/>\n\t<meta property=\"og:image:height\" content=\"683\" \/>\n\t<meta property=\"og:image:type\" content=\"image\/jpeg\" \/>\n<meta name=\"twitter:card\" content=\"summary_large_image\" \/>\n<meta name=\"twitter:label1\" content=\"Est. reading time\" \/>\n\t<meta name=\"twitter:data1\" content=\"10 minutes\" \/>\n<script type=\"application\/ld+json\" class=\"yoast-schema-graph\">{\"@context\":\"https:\/\/schema.org\",\"@graph\":[{\"@type\":\"WebPage\",\"@id\":\"https:\/\/florecimientohumano.net\/apoyo-a-mujeres-que-afrontan-una-separacion-de-pareja\/\",\"url\":\"https:\/\/florecimientohumano.net\/apoyo-a-mujeres-que-afrontan-una-separacion-de-pareja\/\",\"name\":\"Apoyo a mujeres que afrontan una separaci\u00f3n de pareja - Florecimiento humano\",\"isPartOf\":{\"@id\":\"https:\/\/florecimientohumano.net\/#website\"},\"primaryImageOfPage\":{\"@id\":\"https:\/\/florecimientohumano.net\/apoyo-a-mujeres-que-afrontan-una-separacion-de-pareja\/#primaryimage\"},\"image\":{\"@id\":\"https:\/\/florecimientohumano.net\/apoyo-a-mujeres-que-afrontan-una-separacion-de-pareja\/#primaryimage\"},\"thumbnailUrl\":\"https:\/\/florecimientohumano.net\/wp-content\/uploads\/2017\/11\/pesta\u00f1as-2-min.jpg\",\"datePublished\":\"2017-11-28T16:29:27+00:00\",\"dateModified\":\"2018-01-25T19:48:33+00:00\",\"breadcrumb\":{\"@id\":\"https:\/\/florecimientohumano.net\/apoyo-a-mujeres-que-afrontan-una-separacion-de-pareja\/#breadcrumb\"},\"inLanguage\":\"en-US\",\"potentialAction\":[{\"@type\":\"ReadAction\",\"target\":[\"https:\/\/florecimientohumano.net\/apoyo-a-mujeres-que-afrontan-una-separacion-de-pareja\/\"]}]},{\"@type\":\"ImageObject\",\"inLanguage\":\"en-US\",\"@id\":\"https:\/\/florecimientohumano.net\/apoyo-a-mujeres-que-afrontan-una-separacion-de-pareja\/#primaryimage\",\"url\":\"https:\/\/florecimientohumano.net\/wp-content\/uploads\/2017\/11\/pesta\u00f1as-2-min.jpg\",\"contentUrl\":\"https:\/\/florecimientohumano.net\/wp-content\/uploads\/2017\/11\/pesta\u00f1as-2-min.jpg\",\"width\":5616,\"height\":3744},{\"@type\":\"BreadcrumbList\",\"@id\":\"https:\/\/florecimientohumano.net\/apoyo-a-mujeres-que-afrontan-una-separacion-de-pareja\/#breadcrumb\",\"itemListElement\":[{\"@type\":\"ListItem\",\"position\":1,\"name\":\"Portada\",\"item\":\"https:\/\/florecimientohumano.net\/\"},{\"@type\":\"ListItem\",\"position\":2,\"name\":\"Apoyo a mujeres que afrontan una separaci\u00f3n de pareja\"}]},{\"@type\":\"WebSite\",\"@id\":\"https:\/\/florecimientohumano.net\/#website\",\"url\":\"https:\/\/florecimientohumano.net\/\",\"name\":\"Florecimiento humano\",\"description\":\"Acompa\u00f1amiento online con esencia budista\",\"potentialAction\":[{\"@type\":\"SearchAction\",\"target\":{\"@type\":\"EntryPoint\",\"urlTemplate\":\"https:\/\/florecimientohumano.net\/?s={search_term_string}\"},\"query-input\":{\"@type\":\"PropertyValueSpecification\",\"valueRequired\":true,\"valueName\":\"search_term_string\"}}],\"inLanguage\":\"en-US\"}]}<\/script>\n<!-- \/ Yoast SEO Premium plugin. -->","yoast_head_json":{"title":"Apoyo a mujeres que afrontan una separaci\u00f3n de pareja - Florecimiento humano","robots":{"index":"index","follow":"follow","max-snippet":"max-snippet:-1","max-image-preview":"max-image-preview:large","max-video-preview":"max-video-preview:-1"},"canonical":"https:\/\/florecimientohumano.net\/apoyo-a-mujeres-que-afrontan-una-separacion-de-pareja\/","og_locale":"en_US","og_type":"article","og_title":"Apoyo a mujeres que afrontan una separaci\u00f3n de pareja","og_description":"Un alto porcentaje de mis clientes desde hace 10 a\u00f1os son mujeres que est\u00e1n atravesando por una separaci\u00f3n de pareja. La experiencia me ha permitido comprobar la utilidad\u00a0tienen las herramientas de la psicolog\u00eda budista para aportar serenidad, paz, felicidad y amor propio a los tr\u00e1nsitos de una separaci\u00f3n. Puedes ver testimonios de personas que han [&hellip;]","og_url":"https:\/\/florecimientohumano.net\/apoyo-a-mujeres-que-afrontan-una-separacion-de-pareja\/","og_site_name":"Florecimiento humano","article_modified_time":"2018-01-25T19:48:33+00:00","og_image":[{"width":1024,"height":683,"url":"https:\/\/florecimientohumano.net\/wp-content\/uploads\/2017\/11\/pesta\u00f1as-2-min-1024x683.jpg","type":"image\/jpeg"}],"twitter_card":"summary_large_image","twitter_misc":{"Est. reading time":"10 minutes"},"schema":{"@context":"https:\/\/schema.org","@graph":[{"@type":"WebPage","@id":"https:\/\/florecimientohumano.net\/apoyo-a-mujeres-que-afrontan-una-separacion-de-pareja\/","url":"https:\/\/florecimientohumano.net\/apoyo-a-mujeres-que-afrontan-una-separacion-de-pareja\/","name":"Apoyo a mujeres que afrontan una separaci\u00f3n de pareja - Florecimiento humano","isPartOf":{"@id":"https:\/\/florecimientohumano.net\/#website"},"primaryImageOfPage":{"@id":"https:\/\/florecimientohumano.net\/apoyo-a-mujeres-que-afrontan-una-separacion-de-pareja\/#primaryimage"},"image":{"@id":"https:\/\/florecimientohumano.net\/apoyo-a-mujeres-que-afrontan-una-separacion-de-pareja\/#primaryimage"},"thumbnailUrl":"https:\/\/florecimientohumano.net\/wp-content\/uploads\/2017\/11\/pesta\u00f1as-2-min.jpg","datePublished":"2017-11-28T16:29:27+00:00","dateModified":"2018-01-25T19:48:33+00:00","breadcrumb":{"@id":"https:\/\/florecimientohumano.net\/apoyo-a-mujeres-que-afrontan-una-separacion-de-pareja\/#breadcrumb"},"inLanguage":"en-US","potentialAction":[{"@type":"ReadAction","target":["https:\/\/florecimientohumano.net\/apoyo-a-mujeres-que-afrontan-una-separacion-de-pareja\/"]}]},{"@type":"ImageObject","inLanguage":"en-US","@id":"https:\/\/florecimientohumano.net\/apoyo-a-mujeres-que-afrontan-una-separacion-de-pareja\/#primaryimage","url":"https:\/\/florecimientohumano.net\/wp-content\/uploads\/2017\/11\/pesta\u00f1as-2-min.jpg","contentUrl":"https:\/\/florecimientohumano.net\/wp-content\/uploads\/2017\/11\/pesta\u00f1as-2-min.jpg","width":5616,"height":3744},{"@type":"BreadcrumbList","@id":"https:\/\/florecimientohumano.net\/apoyo-a-mujeres-que-afrontan-una-separacion-de-pareja\/#breadcrumb","itemListElement":[{"@type":"ListItem","position":1,"name":"Portada","item":"https:\/\/florecimientohumano.net\/"},{"@type":"ListItem","position":2,"name":"Apoyo a mujeres que afrontan una separaci\u00f3n de pareja"}]},{"@type":"WebSite","@id":"https:\/\/florecimientohumano.net\/#website","url":"https:\/\/florecimientohumano.net\/","name":"Florecimiento humano","description":"Acompa\u00f1amiento online con esencia budista","potentialAction":[{"@type":"SearchAction","target":{"@type":"EntryPoint","urlTemplate":"https:\/\/florecimientohumano.net\/?s={search_term_string}"},"query-input":{"@type":"PropertyValueSpecification","valueRequired":true,"valueName":"search_term_string"}}],"inLanguage":"en-US"}]}},"_links":{"self":[{"href":"https:\/\/florecimientohumano.net\/en\/wp-json\/wp\/v2\/pages\/2635","targetHints":{"allow":["GET"]}}],"collection":[{"href":"https:\/\/florecimientohumano.net\/en\/wp-json\/wp\/v2\/pages"}],"about":[{"href":"https:\/\/florecimientohumano.net\/en\/wp-json\/wp\/v2\/types\/page"}],"author":[{"embeddable":true,"href":"https:\/\/florecimientohumano.net\/en\/wp-json\/wp\/v2\/users\/1"}],"replies":[{"embeddable":true,"href":"https:\/\/florecimientohumano.net\/en\/wp-json\/wp\/v2\/comments?post=2635"}],"version-history":[{"count":2,"href":"https:\/\/florecimientohumano.net\/en\/wp-json\/wp\/v2\/pages\/2635\/revisions"}],"predecessor-version":[{"id":2689,"href":"https:\/\/florecimientohumano.net\/en\/wp-json\/wp\/v2\/pages\/2635\/revisions\/2689"}],"wp:featuredmedia":[{"embeddable":true,"href":"https:\/\/florecimientohumano.net\/en\/wp-json\/wp\/v2\/media\/2649"}],"wp:attachment":[{"href":"https:\/\/florecimientohumano.net\/en\/wp-json\/wp\/v2\/media?parent=2635"}],"curies":[{"name":"wp","href":"https:\/\/api.w.org\/{rel}","templated":true}]}}