{"id":2906,"date":"2018-01-25T17:51:15","date_gmt":"2018-01-25T17:51:15","guid":{"rendered":"https:\/\/florecimientohumano.net\/?page_id=2906"},"modified":"2018-02-05T21:03:31","modified_gmt":"2018-02-05T21:03:31","slug":"como-recuperar-la-felicidad","status":"publish","type":"page","link":"https:\/\/florecimientohumano.net\/en\/servicios\/como-recuperar-la-felicidad\/","title":{"rendered":"Como recuperar la felicidad"},"content":{"rendered":"<p><img loading=\"lazy\" decoding=\"async\" width=\"1024\" height=\"1024\" src=\"https:\/\/florecimientohumano.net\/wp-content\/uploads\/2018\/01\/MarcaPersonalLauraPerez-07-1024x1024.png\" alt=\"Florecimiento Humano\" srcset=\"https:\/\/florecimientohumano.net\/wp-content\/uploads\/2018\/01\/MarcaPersonalLauraPerez-07-1024x1024.png 1024w, https:\/\/florecimientohumano.net\/wp-content\/uploads\/2018\/01\/MarcaPersonalLauraPerez-07-150x150.png 150w, https:\/\/florecimientohumano.net\/wp-content\/uploads\/2018\/01\/MarcaPersonalLauraPerez-07-300x300.png 300w, https:\/\/florecimientohumano.net\/wp-content\/uploads\/2018\/01\/MarcaPersonalLauraPerez-07-768x768.png 768w, https:\/\/florecimientohumano.net\/wp-content\/uploads\/2018\/01\/MarcaPersonalLauraPerez-07-610x610.png 610w, https:\/\/florecimientohumano.net\/wp-content\/uploads\/2018\/01\/MarcaPersonalLauraPerez-07-1080x1080.png 1080w\" sizes=\"auto, (max-width: 1024px) 100vw, 1024px\" \/>\t\t<\/p>\n<p>\u00bfC\u00f3mo recuperar<\/p>\n<p>LA FELICIDAD<\/p>\n<p>despu\u00e9s de una relaci\u00f3n tormentosa?<\/p>\n<p>\t\t<img loading=\"lazy\" decoding=\"async\" width=\"1024\" height=\"1024\" src=\"https:\/\/florecimientohumano.net\/wp-content\/uploads\/2018\/01\/MarcaPersonalLauraPerez-07-1024x1024.png\" alt=\"Florecimiento Humano\" srcset=\"https:\/\/florecimientohumano.net\/wp-content\/uploads\/2018\/01\/MarcaPersonalLauraPerez-07-1024x1024.png 1024w, https:\/\/florecimientohumano.net\/wp-content\/uploads\/2018\/01\/MarcaPersonalLauraPerez-07-150x150.png 150w, https:\/\/florecimientohumano.net\/wp-content\/uploads\/2018\/01\/MarcaPersonalLauraPerez-07-300x300.png 300w, https:\/\/florecimientohumano.net\/wp-content\/uploads\/2018\/01\/MarcaPersonalLauraPerez-07-768x768.png 768w, https:\/\/florecimientohumano.net\/wp-content\/uploads\/2018\/01\/MarcaPersonalLauraPerez-07-610x610.png 610w, https:\/\/florecimientohumano.net\/wp-content\/uploads\/2018\/01\/MarcaPersonalLauraPerez-07-1080x1080.png 1080w\" sizes=\"auto, (max-width: 1024px) 100vw, 1024px\" \/>\t\t<\/p>\n<p>\u00bfC\u00f3mo recuperar<\/p>\n<p>LA FELICIDAD<\/p>\n<p>despu\u00e9s de una relaci\u00f3n tormentosa?<\/p>\n<p>\t\t<img loading=\"lazy\" decoding=\"async\" width=\"1024\" height=\"1024\" src=\"https:\/\/florecimientohumano.net\/wp-content\/uploads\/2018\/01\/MarcaPersonalLauraPerez-07-1024x1024.png\" alt=\"Florecimiento Humano\" srcset=\"https:\/\/florecimientohumano.net\/wp-content\/uploads\/2018\/01\/MarcaPersonalLauraPerez-07-1024x1024.png 1024w, https:\/\/florecimientohumano.net\/wp-content\/uploads\/2018\/01\/MarcaPersonalLauraPerez-07-150x150.png 150w, https:\/\/florecimientohumano.net\/wp-content\/uploads\/2018\/01\/MarcaPersonalLauraPerez-07-300x300.png 300w, https:\/\/florecimientohumano.net\/wp-content\/uploads\/2018\/01\/MarcaPersonalLauraPerez-07-768x768.png 768w, https:\/\/florecimientohumano.net\/wp-content\/uploads\/2018\/01\/MarcaPersonalLauraPerez-07-610x610.png 610w, https:\/\/florecimientohumano.net\/wp-content\/uploads\/2018\/01\/MarcaPersonalLauraPerez-07-1080x1080.png 1080w\" sizes=\"auto, (max-width: 1024px) 100vw, 1024px\" \/>\t\t<\/p>\n<p>\u00bfC\u00f3mo recuperar<\/p>\n<p>LA FELICIDAD<\/p>\n<p>despu\u00e9s de una relaci\u00f3n tormentosa?<\/p>\n<p>Ayudo a mujeres a aprender a quererse y a construir una\u00a0y prepararse para una\u00a0<strong>relaci\u00f3n sentimental feliz.<\/strong><\/p>\n<p>\t\t<img loading=\"lazy\" decoding=\"async\" width=\"173\" height=\"196\" src=\"https:\/\/florecimientohumano.net\/wp-content\/uploads\/2018\/01\/calendario.png\" alt=\"\" \/>\t\t<\/p>\n<p>Te ofrezco sesiones terap\u00e9uticas para que elimines relaciones toxicas aprendas a quererte y a crear nuevas relaciones que te gusten.<\/p>\n<p>\u00bfQuieres conocer m\u00e1s? S\u00edguenos por redes sociales para mayor informaci\u00f3n.<\/p>\n<p>\t\t\t\t\t\t\t<a href=\"https:\/\/www.facebook.com\/FlorecimientoHumano.es\/\" target=\"_blank\"><br \/>\n\t\t\t\t\tFacebook<br \/>\n\t\t\t\t<\/a><br \/>\n\t\t\t\t\t\t\t<a href=\"https:\/\/www.linkedin.com\/in\/lauranperez\/\" target=\"_blank\"><br \/>\n\t\t\t\t\tLinkedin<br \/>\n\t\t\t\t<\/a><\/p>\n<p><strong>Beneficios<\/strong><\/p>\n<p>+Aprende herramientas para olvidar a tu expareja.<\/p>\n<p>+Sanar el dolor de una relaci\u00f3n que termino.<\/p>\n<p>+Aprende primero a tener una relaci\u00f3n sana contigo mismo.<\/p>\n<p>Aprende a darte amor.<\/p>\n<p>Aprende a construir una relaci\u00f3n sana.<\/p>\n<p>+Aprende a sanear tu mente y vivir en el presente.<\/p>\n<p>\u00bfQui\u00e9n es PhD Laura P\u00e9rez<br \/>\n\t\t<img loading=\"lazy\" decoding=\"async\" width=\"768\" height=\"776\" src=\"https:\/\/florecimientohumano.net\/wp-content\/uploads\/2018\/02\/rostro.png\" alt=\"\" srcset=\"https:\/\/florecimientohumano.net\/wp-content\/uploads\/2018\/02\/rostro.png 768w, https:\/\/florecimientohumano.net\/wp-content\/uploads\/2018\/02\/rostro-297x300.png 297w, https:\/\/florecimientohumano.net\/wp-content\/uploads\/2018\/02\/rostro-610x616.png 610w\" sizes=\"auto, (max-width: 768px) 100vw, 768px\" \/>\t\t<\/p>\n<p>Laura es Psic\u00f3loga y doctora en Ciencias cognitivas.<\/p>\n<p>Su enfoque es la psicoterapia con esencia budista, que te ayuda a desde un lugar compasivo a desarrollar habilidades para la vida y a cultivar una mente calma y un coraz\u00f3n en paz.<\/p>\n<p>Ha trabajado principalmente con Mujeres ayud\u00e1ndolas a elaborar las emociones despu\u00e9s de una ruptura sentimental, a reencontrarse y aprender a amarse a s\u00ed mismas.\u00a0 La mayor parte de sus clientes vive en pa\u00edses de Europa suelen trabajar en consulta temas como:<\/p>\n<p style=\"padding-left: 60px;\">\u2022 Relaciones tormentosas.<br \/> \u2022 Rupturas amorosas.<br \/> \u2022 Indecisiones de pareja.<br \/> \u2022 Desamor.<br \/> \u2022 Falta de pasi\u00f3n.<br \/> \u2022 Y, sobre todo, c\u00f3mo volver a ser feliz tras haberse separado de sus parejas.<\/p>\n<p>\t\t<img loading=\"lazy\" decoding=\"async\" width=\"173\" height=\"196\" src=\"https:\/\/florecimientohumano.net\/wp-content\/uploads\/2018\/01\/calendario.png\" alt=\"\" \/><br \/>\n\t\t\t\t\t\t<a href=\"https:\/\/florecimientohumano.net\" data-elementor-open-lightbox=\"default\"><br \/>\n\t\t<img loading=\"lazy\" decoding=\"async\" width=\"624\" height=\"170\" src=\"https:\/\/florecimientohumano.net\/wp-content\/uploads\/2018\/01\/LauraPerezHorizontal-color.png\" alt=\"Florecimiento Humano\" srcset=\"https:\/\/florecimientohumano.net\/wp-content\/uploads\/2018\/01\/LauraPerezHorizontal-color.png 624w, https:\/\/florecimientohumano.net\/wp-content\/uploads\/2018\/01\/LauraPerezHorizontal-color-300x82.png 300w, https:\/\/florecimientohumano.net\/wp-content\/uploads\/2018\/01\/LauraPerezHorizontal-color-610x166.png 610w\" sizes=\"auto, (max-width: 624px) 100vw, 624px\" \/>\t\t\t\t<\/a><\/p>\n<p style=\"text-align: center;\">2018 @Todos los derechos reservados. <a style=\"color: #ff0000;\" href=\"http:\/\/www.hazleyenda.com\"><strong>Powered by Hazleyenda\u00a0<\/strong><\/a><\/p>\n","protected":false},"excerpt":{"rendered":"<p>\u00bfC\u00f3mo recuperarLA FELICIDADdespu\u00e9s de una relaci\u00f3n tormentosa? \u00bfC\u00f3mo recuperarLA FELICIDADdespu\u00e9s de una relaci\u00f3n tormentosa? \u00bfC\u00f3mo recuperarLA FELICIDADdespu\u00e9s de una relaci\u00f3n tormentosa?Ayudo a mujeres a aprender a quererse y a construir una\u00a0y prepararse para una\u00a0relaci\u00f3n sentimental feliz. Te ofrezco sesiones terap\u00e9uticas para que elimines relaciones toxicas aprendas a quererte y a crear nuevas relaciones que te [&hellip;]<\/p>\n","protected":false},"author":1,"featured_media":2907,"parent":2573,"menu_order":0,"comment_status":"closed","ping_status":"closed","template":"elementor_canvas","meta":{"_et_pb_use_builder":"on","_et_pb_old_content":"<img width=\"1024\" height=\"1024\" src=\"https:\/\/florecimientohumano.net\/wp-content\/uploads\/2018\/01\/MarcaPersonalLauraPerez-07-1024x1024.png\" alt=\"Florecimiento Humano\" srcset=\"https:\/\/florecimientohumano.net\/wp-content\/uploads\/2018\/01\/MarcaPersonalLauraPerez-07-1024x1024.png 1024w, https:\/\/florecimientohumano.net\/wp-content\/uploads\/2018\/01\/MarcaPersonalLauraPerez-07-150x150.png 150w, https:\/\/florecimientohumano.net\/wp-content\/uploads\/2018\/01\/MarcaPersonalLauraPerez-07-300x300.png 300w, https:\/\/florecimientohumano.net\/wp-content\/uploads\/2018\/01\/MarcaPersonalLauraPerez-07-768x768.png 768w, https:\/\/florecimientohumano.net\/wp-content\/uploads\/2018\/01\/MarcaPersonalLauraPerez-07-610x610.png 610w, https:\/\/florecimientohumano.net\/wp-content\/uploads\/2018\/01\/MarcaPersonalLauraPerez-07-1080x1080.png 1080w\" sizes=\"(max-width: 1024px) 100vw, 1024px\" \/>\t\t\n\t\t<p>\u00bfC\u00f3mo recuperar<\/p><p>LA FELICIDAD<\/p><p>despu\u00e9s de una relaci\u00f3n tormentosa?<\/p>\t\t\n\t\t<img width=\"1024\" height=\"1024\" src=\"https:\/\/florecimientohumano.net\/wp-content\/uploads\/2018\/01\/MarcaPersonalLauraPerez-07-1024x1024.png\" alt=\"Florecimiento Humano\" srcset=\"https:\/\/florecimientohumano.net\/wp-content\/uploads\/2018\/01\/MarcaPersonalLauraPerez-07-1024x1024.png 1024w, https:\/\/florecimientohumano.net\/wp-content\/uploads\/2018\/01\/MarcaPersonalLauraPerez-07-150x150.png 150w, https:\/\/florecimientohumano.net\/wp-content\/uploads\/2018\/01\/MarcaPersonalLauraPerez-07-300x300.png 300w, https:\/\/florecimientohumano.net\/wp-content\/uploads\/2018\/01\/MarcaPersonalLauraPerez-07-768x768.png 768w, https:\/\/florecimientohumano.net\/wp-content\/uploads\/2018\/01\/MarcaPersonalLauraPerez-07-610x610.png 610w, https:\/\/florecimientohumano.net\/wp-content\/uploads\/2018\/01\/MarcaPersonalLauraPerez-07-1080x1080.png 1080w\" sizes=\"(max-width: 1024px) 100vw, 1024px\" \/>\t\t\n\t\t<p>\u00bfC\u00f3mo recuperar<\/p><p>LA FELICIDAD<\/p><p>despu\u00e9s de una relaci\u00f3n tormentosa?<\/p>\t\t\n\t\t<img width=\"1024\" height=\"1024\" src=\"https:\/\/florecimientohumano.net\/wp-content\/uploads\/2018\/01\/MarcaPersonalLauraPerez-07-1024x1024.png\" alt=\"Florecimiento Humano\" srcset=\"https:\/\/florecimientohumano.net\/wp-content\/uploads\/2018\/01\/MarcaPersonalLauraPerez-07-1024x1024.png 1024w, https:\/\/florecimientohumano.net\/wp-content\/uploads\/2018\/01\/MarcaPersonalLauraPerez-07-150x150.png 150w, https:\/\/florecimientohumano.net\/wp-content\/uploads\/2018\/01\/MarcaPersonalLauraPerez-07-300x300.png 300w, https:\/\/florecimientohumano.net\/wp-content\/uploads\/2018\/01\/MarcaPersonalLauraPerez-07-768x768.png 768w, https:\/\/florecimientohumano.net\/wp-content\/uploads\/2018\/01\/MarcaPersonalLauraPerez-07-610x610.png 610w, https:\/\/florecimientohumano.net\/wp-content\/uploads\/2018\/01\/MarcaPersonalLauraPerez-07-1080x1080.png 1080w\" sizes=\"(max-width: 1024px) 100vw, 1024px\" \/>\t\t\n\t\t<p>\u00bfC\u00f3mo recuperar<\/p><p>LA FELICIDAD<\/p><p>despu\u00e9s de una relaci\u00f3n tormentosa?<\/p><p>Ayudo a mujeres a aprender a quererse y a construir una\u00a0y prepararse para una\u00a0<strong>relaci\u00f3n sentimental feliz.<\/strong><\/p>\t\t\n\t\t\t<a href=\"https:\/\/shapingtherapy.setmore.com\/resourcebookingpage\/r93351517520067636\">\n\t\t\t\t\t\t\u00a1PIDE TU CITA YA \u00a1\n\t\t\t\t\t<\/a>\n\t\t<img width=\"173\" height=\"196\" src=\"https:\/\/florecimientohumano.net\/wp-content\/uploads\/2018\/01\/calendario.png\" alt=\"\" \/>\t\t\n\t\t<p>Te ofrezco sesiones terap\u00e9uticas para que elimines relaciones toxicas aprendas a quererte y a crear nuevas relaciones que te gusten.<\/p><p>\u00bfQuieres conocer m\u00e1s? S\u00edguenos por redes sociales para mayor informaci\u00f3n.<\/p>\t\t\n\t\t\t\t\t\t\t<a href=\"\" target=\"_blank\">\n\t\t\t\t\tFacebook\n\t\t\t\t<\/a>\n\t\t\t\t\t\t\t<a href=\"\" target=\"_blank\">\n\t\t\t\t\tTwitter\n\t\t\t\t<\/a>\n\t\t\t\t\t\t\t<a href=\"\" target=\"_blank\">\n\t\t\t\t\tGoogle-plus\n\t\t\t\t<\/a>\n\t\t<p><strong>Beneficios<\/strong><\/p><p>+Aprende herramientas para olvidar a tu expareja.<\/p><p>+Sanar el dolor de una relaci\u00f3n que termino.<\/p><p>+Aprende primero a tener una relaci\u00f3n sana contigo mismo.<\/p><p>Aprende a darte amor.<\/p><p>Aprende a construir una relaci\u00f3n sana.<\/p><p>+Aprende a sanear tu mente y vivir en el presente.<\/p>\u00bfQui\u00e9n es PhD Laura P\u00e9rez\t\t\n\t\t<img width=\"768\" height=\"776\" src=\"https:\/\/florecimientohumano.net\/wp-content\/uploads\/2018\/02\/rostro.png\" alt=\"\" srcset=\"https:\/\/florecimientohumano.net\/wp-content\/uploads\/2018\/02\/rostro.png 768w, https:\/\/florecimientohumano.net\/wp-content\/uploads\/2018\/02\/rostro-297x300.png 297w, https:\/\/florecimientohumano.net\/wp-content\/uploads\/2018\/02\/rostro-610x616.png 610w\" sizes=\"(max-width: 768px) 100vw, 768px\" \/>\t\t\n\t\t<p>Laura es Psic\u00f3loga y doctora en Ciencias cognitivas.<\/p><p>Su enfoque es la psicoterapia con esencia budista, que te ayuda a desde un lugar compasivo a desarrollar habilidades para la vida y a cultivar una mente calma y un coraz\u00f3n en paz.<\/p><p>Ha trabajado principalmente con Mujeres ayud\u00e1ndolas a elaborar las emociones despu\u00e9s de una ruptura sentimental, a reencontrarse y aprender a amarse a s\u00ed mismas.\u00a0 La mayor parte de sus clientes vive en pa\u00edses de Europa suelen trabajar en consulta temas como:<\/p><p>Ha trabajado principalmente con Mujeres ayud\u00e1ndolas a elaborar las emociones despu\u00e9s de una ruptura sentimental, a reencontrarse y aprender a amarse a s\u00ed mismas.\u00a0 La mayor parte de sus clientes vive en pa\u00edses de Europa suelen trabajar en consulta temas como:<\/p><p style=\"padding-left: 60px;\">\u2022 Relaciones tormentosas.<br \/> \u2022 Rupturas amorosas.<br \/> \u2022 Indecisiones de pareja.<br \/> \u2022 Desamor.<br \/> \u2022 Falta de pasi\u00f3n.<br \/> \u2022 Y, sobre todo, c\u00f3mo volver a ser feliz tras haberse separado de sus parejas.<\/p>\t\t\n\t\t\t<a href=\"#\">\n\t\t\t\t\t\t\u00a1PIDE TU CITA YA \u00a1\n\t\t\t\t\t<\/a>\n\t\t<img width=\"173\" height=\"196\" src=\"https:\/\/florecimientohumano.net\/wp-content\/uploads\/2018\/01\/calendario.png\" alt=\"\" \/>\t\t\n\t\t\t\t\t\t<a href=\"https:\/\/florecimientohumano.net\" data-elementor-open-lightbox=\"default\">\n\t\t<img width=\"624\" height=\"170\" src=\"https:\/\/florecimientohumano.net\/wp-content\/uploads\/2018\/01\/LauraPerezHorizontal-color.png\" alt=\"Florecimiento Humano\" srcset=\"https:\/\/florecimientohumano.net\/wp-content\/uploads\/2018\/01\/LauraPerezHorizontal-color.png 624w, https:\/\/florecimientohumano.net\/wp-content\/uploads\/2018\/01\/LauraPerezHorizontal-color-300x82.png 300w, https:\/\/florecimientohumano.net\/wp-content\/uploads\/2018\/01\/LauraPerezHorizontal-color-610x166.png 610w\" sizes=\"(max-width: 624px) 100vw, 624px\" \/>\t\t\t\t<\/a>\n\t\t<p style=\"text-align: center;\">2018 @Todos los derechos reservados. <a style=\"color: #ff0000;\" href=\"http:\/\/www.hazleyenda.com\"><strong>Powered by Hazleyenda\u00a0<\/strong><\/a><\/p>","_et_gb_content_width":"","footnotes":""},"class_list":["post-2906","page","type-page","status-publish","has-post-thumbnail","hentry"],"yoast_head":"<!-- This site is optimized with the Yoast SEO Premium plugin v24.9 (Yoast SEO v24.9) - https:\/\/yoast.com\/wordpress\/plugins\/seo\/ -->\n<title>Como recuperar la felicidad - Florecimiento humano<\/title>\n<meta name=\"robots\" content=\"index, follow, max-snippet:-1, max-image-preview:large, max-video-preview:-1\" \/>\n<link rel=\"canonical\" href=\"https:\/\/florecimientohumano.net\/servicios\/como-recuperar-la-felicidad\/\" \/>\n<meta property=\"og:locale\" content=\"en_US\" \/>\n<meta property=\"og:type\" content=\"article\" \/>\n<meta property=\"og:title\" content=\"Como recuperar la felicidad\" \/>\n<meta property=\"og:description\" content=\"\u00bfC\u00f3mo recuperarLA FELICIDADdespu\u00e9s de una relaci\u00f3n tormentosa? \u00bfC\u00f3mo recuperarLA FELICIDADdespu\u00e9s de una relaci\u00f3n tormentosa? \u00bfC\u00f3mo recuperarLA FELICIDADdespu\u00e9s de una relaci\u00f3n tormentosa?Ayudo a mujeres a aprender a quererse y a construir una\u00a0y prepararse para una\u00a0relaci\u00f3n sentimental feliz. Te ofrezco sesiones terap\u00e9uticas para que elimines relaciones toxicas aprendas a quererte y a crear nuevas relaciones que te [&hellip;]\" \/>\n<meta property=\"og:url\" content=\"https:\/\/florecimientohumano.net\/servicios\/como-recuperar-la-felicidad\/\" \/>\n<meta property=\"og:site_name\" content=\"Florecimiento humano\" \/>\n<meta property=\"article:modified_time\" content=\"2018-02-05T21:03:31+00:00\" \/>\n<meta property=\"og:image\" content=\"https:\/\/florecimientohumano.net\/wp-content\/uploads\/2018\/01\/cuadrado-001.jpg\" \/>\n\t<meta property=\"og:image:width\" content=\"1000\" \/>\n\t<meta property=\"og:image:height\" content=\"1000\" \/>\n\t<meta property=\"og:image:type\" content=\"image\/jpeg\" \/>\n<meta name=\"twitter:card\" content=\"summary_large_image\" \/>\n<meta name=\"twitter:label1\" content=\"Est. reading time\" \/>\n\t<meta name=\"twitter:data1\" content=\"1 minute\" \/>\n<script type=\"application\/ld+json\" class=\"yoast-schema-graph\">{\"@context\":\"https:\/\/schema.org\",\"@graph\":[{\"@type\":\"WebPage\",\"@id\":\"https:\/\/florecimientohumano.net\/servicios\/como-recuperar-la-felicidad\/\",\"url\":\"https:\/\/florecimientohumano.net\/servicios\/como-recuperar-la-felicidad\/\",\"name\":\"Como recuperar la felicidad - Florecimiento humano\",\"isPartOf\":{\"@id\":\"https:\/\/florecimientohumano.net\/#website\"},\"primaryImageOfPage\":{\"@id\":\"https:\/\/florecimientohumano.net\/servicios\/como-recuperar-la-felicidad\/#primaryimage\"},\"image\":{\"@id\":\"https:\/\/florecimientohumano.net\/servicios\/como-recuperar-la-felicidad\/#primaryimage\"},\"thumbnailUrl\":\"https:\/\/florecimientohumano.net\/wp-content\/uploads\/2018\/01\/cuadrado-001.jpg\",\"datePublished\":\"2018-01-25T17:51:15+00:00\",\"dateModified\":\"2018-02-05T21:03:31+00:00\",\"breadcrumb\":{\"@id\":\"https:\/\/florecimientohumano.net\/servicios\/como-recuperar-la-felicidad\/#breadcrumb\"},\"inLanguage\":\"en-US\",\"potentialAction\":[{\"@type\":\"ReadAction\",\"target\":[\"https:\/\/florecimientohumano.net\/servicios\/como-recuperar-la-felicidad\/\"]}]},{\"@type\":\"ImageObject\",\"inLanguage\":\"en-US\",\"@id\":\"https:\/\/florecimientohumano.net\/servicios\/como-recuperar-la-felicidad\/#primaryimage\",\"url\":\"https:\/\/florecimientohumano.net\/wp-content\/uploads\/2018\/01\/cuadrado-001.jpg\",\"contentUrl\":\"https:\/\/florecimientohumano.net\/wp-content\/uploads\/2018\/01\/cuadrado-001.jpg\",\"width\":1000,\"height\":1000,\"caption\":\"Florecimiento Humano\"},{\"@type\":\"BreadcrumbList\",\"@id\":\"https:\/\/florecimientohumano.net\/servicios\/como-recuperar-la-felicidad\/#breadcrumb\",\"itemListElement\":[{\"@type\":\"ListItem\",\"position\":1,\"name\":\"Portada\",\"item\":\"https:\/\/florecimientohumano.net\/\"},{\"@type\":\"ListItem\",\"position\":2,\"name\":\"Servicios\",\"item\":\"https:\/\/florecimientohumano.net\/servicios\/\"},{\"@type\":\"ListItem\",\"position\":3,\"name\":\"Como recuperar la felicidad\"}]},{\"@type\":\"WebSite\",\"@id\":\"https:\/\/florecimientohumano.net\/#website\",\"url\":\"https:\/\/florecimientohumano.net\/\",\"name\":\"Florecimiento humano\",\"description\":\"Acompa\u00f1amiento online con esencia budista\",\"potentialAction\":[{\"@type\":\"SearchAction\",\"target\":{\"@type\":\"EntryPoint\",\"urlTemplate\":\"https:\/\/florecimientohumano.net\/?s={search_term_string}\"},\"query-input\":{\"@type\":\"PropertyValueSpecification\",\"valueRequired\":true,\"valueName\":\"search_term_string\"}}],\"inLanguage\":\"en-US\"}]}<\/script>\n<!-- \/ Yoast SEO Premium plugin. -->","yoast_head_json":{"title":"Como recuperar la felicidad - Florecimiento humano","robots":{"index":"index","follow":"follow","max-snippet":"max-snippet:-1","max-image-preview":"max-image-preview:large","max-video-preview":"max-video-preview:-1"},"canonical":"https:\/\/florecimientohumano.net\/servicios\/como-recuperar-la-felicidad\/","og_locale":"en_US","og_type":"article","og_title":"Como recuperar la felicidad","og_description":"\u00bfC\u00f3mo recuperarLA FELICIDADdespu\u00e9s de una relaci\u00f3n tormentosa? \u00bfC\u00f3mo recuperarLA FELICIDADdespu\u00e9s de una relaci\u00f3n tormentosa? \u00bfC\u00f3mo recuperarLA FELICIDADdespu\u00e9s de una relaci\u00f3n tormentosa?Ayudo a mujeres a aprender a quererse y a construir una\u00a0y prepararse para una\u00a0relaci\u00f3n sentimental feliz. Te ofrezco sesiones terap\u00e9uticas para que elimines relaciones toxicas aprendas a quererte y a crear nuevas relaciones que te [&hellip;]","og_url":"https:\/\/florecimientohumano.net\/servicios\/como-recuperar-la-felicidad\/","og_site_name":"Florecimiento humano","article_modified_time":"2018-02-05T21:03:31+00:00","og_image":[{"width":1000,"height":1000,"url":"https:\/\/florecimientohumano.net\/wp-content\/uploads\/2018\/01\/cuadrado-001.jpg","type":"image\/jpeg"}],"twitter_card":"summary_large_image","twitter_misc":{"Est. reading time":"1 minute"},"schema":{"@context":"https:\/\/schema.org","@graph":[{"@type":"WebPage","@id":"https:\/\/florecimientohumano.net\/servicios\/como-recuperar-la-felicidad\/","url":"https:\/\/florecimientohumano.net\/servicios\/como-recuperar-la-felicidad\/","name":"Como recuperar la felicidad - Florecimiento humano","isPartOf":{"@id":"https:\/\/florecimientohumano.net\/#website"},"primaryImageOfPage":{"@id":"https:\/\/florecimientohumano.net\/servicios\/como-recuperar-la-felicidad\/#primaryimage"},"image":{"@id":"https:\/\/florecimientohumano.net\/servicios\/como-recuperar-la-felicidad\/#primaryimage"},"thumbnailUrl":"https:\/\/florecimientohumano.net\/wp-content\/uploads\/2018\/01\/cuadrado-001.jpg","datePublished":"2018-01-25T17:51:15+00:00","dateModified":"2018-02-05T21:03:31+00:00","breadcrumb":{"@id":"https:\/\/florecimientohumano.net\/servicios\/como-recuperar-la-felicidad\/#breadcrumb"},"inLanguage":"en-US","potentialAction":[{"@type":"ReadAction","target":["https:\/\/florecimientohumano.net\/servicios\/como-recuperar-la-felicidad\/"]}]},{"@type":"ImageObject","inLanguage":"en-US","@id":"https:\/\/florecimientohumano.net\/servicios\/como-recuperar-la-felicidad\/#primaryimage","url":"https:\/\/florecimientohumano.net\/wp-content\/uploads\/2018\/01\/cuadrado-001.jpg","contentUrl":"https:\/\/florecimientohumano.net\/wp-content\/uploads\/2018\/01\/cuadrado-001.jpg","width":1000,"height":1000,"caption":"Florecimiento Humano"},{"@type":"BreadcrumbList","@id":"https:\/\/florecimientohumano.net\/servicios\/como-recuperar-la-felicidad\/#breadcrumb","itemListElement":[{"@type":"ListItem","position":1,"name":"Portada","item":"https:\/\/florecimientohumano.net\/"},{"@type":"ListItem","position":2,"name":"Servicios","item":"https:\/\/florecimientohumano.net\/servicios\/"},{"@type":"ListItem","position":3,"name":"Como recuperar la felicidad"}]},{"@type":"WebSite","@id":"https:\/\/florecimientohumano.net\/#website","url":"https:\/\/florecimientohumano.net\/","name":"Florecimiento humano","description":"Acompa\u00f1amiento online con esencia budista","potentialAction":[{"@type":"SearchAction","target":{"@type":"EntryPoint","urlTemplate":"https:\/\/florecimientohumano.net\/?s={search_term_string}"},"query-input":{"@type":"PropertyValueSpecification","valueRequired":true,"valueName":"search_term_string"}}],"inLanguage":"en-US"}]}},"_links":{"self":[{"href":"https:\/\/florecimientohumano.net\/en\/wp-json\/wp\/v2\/pages\/2906","targetHints":{"allow":["GET"]}}],"collection":[{"href":"https:\/\/florecimientohumano.net\/en\/wp-json\/wp\/v2\/pages"}],"about":[{"href":"https:\/\/florecimientohumano.net\/en\/wp-json\/wp\/v2\/types\/page"}],"author":[{"embeddable":true,"href":"https:\/\/florecimientohumano.net\/en\/wp-json\/wp\/v2\/users\/1"}],"replies":[{"embeddable":true,"href":"https:\/\/florecimientohumano.net\/en\/wp-json\/wp\/v2\/comments?post=2906"}],"version-history":[{"count":39,"href":"https:\/\/florecimientohumano.net\/en\/wp-json\/wp\/v2\/pages\/2906\/revisions"}],"predecessor-version":[{"id":3250,"href":"https:\/\/florecimientohumano.net\/en\/wp-json\/wp\/v2\/pages\/2906\/revisions\/3250"}],"up":[{"embeddable":true,"href":"https:\/\/florecimientohumano.net\/en\/wp-json\/wp\/v2\/pages\/2573"}],"wp:featuredmedia":[{"embeddable":true,"href":"https:\/\/florecimientohumano.net\/en\/wp-json\/wp\/v2\/media\/2907"}],"wp:attachment":[{"href":"https:\/\/florecimientohumano.net\/en\/wp-json\/wp\/v2\/media?parent=2906"}],"curies":[{"name":"wp","href":"https:\/\/api.w.org\/{rel}","templated":true}]}}