{"id":3282,"date":"2020-04-09T15:33:22","date_gmt":"2020-04-09T15:33:22","guid":{"rendered":"https:\/\/florecimientohumano.net\/?page_id=3282"},"modified":"2020-08-24T14:20:19","modified_gmt":"2020-08-24T14:20:19","slug":"charla-gratuita","status":"publish","type":"page","link":"https:\/\/florecimientohumano.net\/en\/charla-gratuita\/","title":{"rendered":"Charla Gratuita: Escritura creativa para la autotransformaci\u00f3n"},"content":{"rendered":"<p dir=\"ltr\" style=\"line-height: 1.38; margin-top: 0pt; margin-bottom: 0pt;\">En este webinar gratuito de 90 minutos, te contar\u00e9 c\u00f3mo funciona la escritura creativa contemplativa y por qu\u00e9 es la herramienta de autoconocimiento y auto-terapia m\u00e1s potente que existe. Adem\u00e1s, experimentaremos juntos\/as una de sus t\u00e9cnicas para que puedas llev\u00e1rtela y aplicarla desde ya.&nbsp;<\/p>\n<h2>\u00bfQu\u00e9 me llevo de la charla?<\/h2>\n<p><iframe loading=\"lazy\" width=\"1080\" height=\"608\" src=\"https:\/\/www.youtube.com\/embed\/9uOETcuFjbE?feature=oembed\" frameborder=\"0\" allow=\"accelerometer; autoplay; encrypted-media; gyroscope; picture-in-picture\" allowfullscreen><\/iframe><\/p>\n<p>MPORTANTE: Para que puedas aprovechar al m\u00e1ximo del contenido que te ofrezco y del espacio que se crear\u00e1, es muy importante que te asegures que puedes estar presente en el workshop hasta el final, con la c\u00e1mara encendida y sin distracciones por la hora y media que compartiremos. Por eso te recomiendo que est\u00e9s en un lugar c\u00f3modo, silencioso y en donde puedas dedicarte a ti mism0\/a este tiempo para esta experiencia de aprendizaje.<\/p>\n<p>Tambi\u00e9n, decirte que te llegar\u00e1n algunos mails posteriores a tu inscripci\u00f3n en donde te recuerdo nuestra cita.&nbsp;<br \/>\nMuchas gracias por tu inter\u00e9s y \u00a1hasta pronto!<\/p>\n<h2>Inscr\u00edbete aqu\u00ed<\/h2>\n","protected":false},"excerpt":{"rendered":"<p>En este webinar gratuito de 90 minutos, te contar\u00e9 c\u00f3mo funciona la escritura creativa contemplativa y por qu\u00e9 es la herramienta de autoconocimiento y auto-terapia m\u00e1s potente que existe. Adem\u00e1s, experimentaremos juntos\/as una de sus t\u00e9cnicas para que puedas llev\u00e1rtela y aplicarla desde ya.&nbsp; \u00bfQu\u00e9 me llevo de la charla? MPORTANTE: Para que puedas aprovechar [&hellip;]<\/p>\n","protected":false},"author":1,"featured_media":0,"parent":0,"menu_order":0,"comment_status":"closed","ping_status":"closed","template":"","meta":{"_et_pb_use_builder":"","_et_pb_old_content":"","_et_gb_content_width":"","footnotes":""},"class_list":["post-3282","page","type-page","status-publish","hentry"],"yoast_head":"<!-- This site is optimized with the Yoast SEO Premium plugin v24.9 (Yoast SEO v24.9) - https:\/\/yoast.com\/wordpress\/plugins\/seo\/ -->\n<title>Charla Gratuita: Escritura creativa para la autotransformaci\u00f3n - Florecimiento humano<\/title>\n<meta name=\"robots\" content=\"index, follow, max-snippet:-1, max-image-preview:large, max-video-preview:-1\" \/>\n<link rel=\"canonical\" href=\"https:\/\/florecimientohumano.net\/charla-gratuita\/\" \/>\n<meta property=\"og:locale\" content=\"en_US\" \/>\n<meta property=\"og:type\" content=\"article\" \/>\n<meta property=\"og:title\" content=\"Charla Gratuita: Escritura creativa para la autotransformaci\u00f3n\" \/>\n<meta property=\"og:description\" content=\"En este webinar gratuito de 90 minutos, te contar\u00e9 c\u00f3mo funciona la escritura creativa contemplativa y por qu\u00e9 es la herramienta de autoconocimiento y auto-terapia m\u00e1s potente que existe. Adem\u00e1s, experimentaremos juntos\/as una de sus t\u00e9cnicas para que puedas llev\u00e1rtela y aplicarla desde ya.&nbsp; \u00bfQu\u00e9 me llevo de la charla? MPORTANTE: Para que puedas aprovechar [&hellip;]\" \/>\n<meta property=\"og:url\" content=\"https:\/\/florecimientohumano.net\/charla-gratuita\/\" \/>\n<meta property=\"og:site_name\" content=\"Florecimiento humano\" \/>\n<meta property=\"article:modified_time\" content=\"2020-08-24T14:20:19+00:00\" \/>\n<meta name=\"twitter:card\" content=\"summary_large_image\" \/>\n<meta name=\"twitter:label1\" content=\"Est. reading time\" \/>\n\t<meta name=\"twitter:data1\" content=\"1 minute\" \/>\n<script type=\"application\/ld+json\" class=\"yoast-schema-graph\">{\"@context\":\"https:\/\/schema.org\",\"@graph\":[{\"@type\":\"WebPage\",\"@id\":\"https:\/\/florecimientohumano.net\/charla-gratuita\/\",\"url\":\"https:\/\/florecimientohumano.net\/charla-gratuita\/\",\"name\":\"Charla Gratuita: Escritura creativa para la autotransformaci\u00f3n - Florecimiento humano\",\"isPartOf\":{\"@id\":\"https:\/\/florecimientohumano.net\/#website\"},\"datePublished\":\"2020-04-09T15:33:22+00:00\",\"dateModified\":\"2020-08-24T14:20:19+00:00\",\"breadcrumb\":{\"@id\":\"https:\/\/florecimientohumano.net\/charla-gratuita\/#breadcrumb\"},\"inLanguage\":\"en-US\",\"potentialAction\":[{\"@type\":\"ReadAction\",\"target\":[\"https:\/\/florecimientohumano.net\/charla-gratuita\/\"]}]},{\"@type\":\"BreadcrumbList\",\"@id\":\"https:\/\/florecimientohumano.net\/charla-gratuita\/#breadcrumb\",\"itemListElement\":[{\"@type\":\"ListItem\",\"position\":1,\"name\":\"Portada\",\"item\":\"https:\/\/florecimientohumano.net\/\"},{\"@type\":\"ListItem\",\"position\":2,\"name\":\"Charla Gratuita: Escritura creativa para la autotransformaci\u00f3n\"}]},{\"@type\":\"WebSite\",\"@id\":\"https:\/\/florecimientohumano.net\/#website\",\"url\":\"https:\/\/florecimientohumano.net\/\",\"name\":\"Florecimiento humano\",\"description\":\"Acompa\u00f1amiento online con esencia budista\",\"potentialAction\":[{\"@type\":\"SearchAction\",\"target\":{\"@type\":\"EntryPoint\",\"urlTemplate\":\"https:\/\/florecimientohumano.net\/?s={search_term_string}\"},\"query-input\":{\"@type\":\"PropertyValueSpecification\",\"valueRequired\":true,\"valueName\":\"search_term_string\"}}],\"inLanguage\":\"en-US\"}]}<\/script>\n<!-- \/ Yoast SEO Premium plugin. -->","yoast_head_json":{"title":"Charla Gratuita: Escritura creativa para la autotransformaci\u00f3n - Florecimiento humano","robots":{"index":"index","follow":"follow","max-snippet":"max-snippet:-1","max-image-preview":"max-image-preview:large","max-video-preview":"max-video-preview:-1"},"canonical":"https:\/\/florecimientohumano.net\/charla-gratuita\/","og_locale":"en_US","og_type":"article","og_title":"Charla Gratuita: Escritura creativa para la autotransformaci\u00f3n","og_description":"En este webinar gratuito de 90 minutos, te contar\u00e9 c\u00f3mo funciona la escritura creativa contemplativa y por qu\u00e9 es la herramienta de autoconocimiento y auto-terapia m\u00e1s potente que existe. Adem\u00e1s, experimentaremos juntos\/as una de sus t\u00e9cnicas para que puedas llev\u00e1rtela y aplicarla desde ya.&nbsp; \u00bfQu\u00e9 me llevo de la charla? MPORTANTE: Para que puedas aprovechar [&hellip;]","og_url":"https:\/\/florecimientohumano.net\/charla-gratuita\/","og_site_name":"Florecimiento humano","article_modified_time":"2020-08-24T14:20:19+00:00","twitter_card":"summary_large_image","twitter_misc":{"Est. reading time":"1 minute"},"schema":{"@context":"https:\/\/schema.org","@graph":[{"@type":"WebPage","@id":"https:\/\/florecimientohumano.net\/charla-gratuita\/","url":"https:\/\/florecimientohumano.net\/charla-gratuita\/","name":"Charla Gratuita: Escritura creativa para la autotransformaci\u00f3n - Florecimiento humano","isPartOf":{"@id":"https:\/\/florecimientohumano.net\/#website"},"datePublished":"2020-04-09T15:33:22+00:00","dateModified":"2020-08-24T14:20:19+00:00","breadcrumb":{"@id":"https:\/\/florecimientohumano.net\/charla-gratuita\/#breadcrumb"},"inLanguage":"en-US","potentialAction":[{"@type":"ReadAction","target":["https:\/\/florecimientohumano.net\/charla-gratuita\/"]}]},{"@type":"BreadcrumbList","@id":"https:\/\/florecimientohumano.net\/charla-gratuita\/#breadcrumb","itemListElement":[{"@type":"ListItem","position":1,"name":"Portada","item":"https:\/\/florecimientohumano.net\/"},{"@type":"ListItem","position":2,"name":"Charla Gratuita: Escritura creativa para la autotransformaci\u00f3n"}]},{"@type":"WebSite","@id":"https:\/\/florecimientohumano.net\/#website","url":"https:\/\/florecimientohumano.net\/","name":"Florecimiento humano","description":"Acompa\u00f1amiento online con esencia budista","potentialAction":[{"@type":"SearchAction","target":{"@type":"EntryPoint","urlTemplate":"https:\/\/florecimientohumano.net\/?s={search_term_string}"},"query-input":{"@type":"PropertyValueSpecification","valueRequired":true,"valueName":"search_term_string"}}],"inLanguage":"en-US"}]}},"_links":{"self":[{"href":"https:\/\/florecimientohumano.net\/en\/wp-json\/wp\/v2\/pages\/3282","targetHints":{"allow":["GET"]}}],"collection":[{"href":"https:\/\/florecimientohumano.net\/en\/wp-json\/wp\/v2\/pages"}],"about":[{"href":"https:\/\/florecimientohumano.net\/en\/wp-json\/wp\/v2\/types\/page"}],"author":[{"embeddable":true,"href":"https:\/\/florecimientohumano.net\/en\/wp-json\/wp\/v2\/users\/1"}],"replies":[{"embeddable":true,"href":"https:\/\/florecimientohumano.net\/en\/wp-json\/wp\/v2\/comments?post=3282"}],"version-history":[{"count":9,"href":"https:\/\/florecimientohumano.net\/en\/wp-json\/wp\/v2\/pages\/3282\/revisions"}],"predecessor-version":[{"id":3303,"href":"https:\/\/florecimientohumano.net\/en\/wp-json\/wp\/v2\/pages\/3282\/revisions\/3303"}],"wp:attachment":[{"href":"https:\/\/florecimientohumano.net\/en\/wp-json\/wp\/v2\/media?parent=3282"}],"curies":[{"name":"wp","href":"https:\/\/api.w.org\/{rel}","templated":true}]}}