{"id":3289,"date":"2020-04-10T12:23:46","date_gmt":"2020-04-10T12:23:46","guid":{"rendered":"https:\/\/florecimientohumano.net\/?page_id=3289"},"modified":"2020-04-10T12:33:18","modified_gmt":"2020-04-10T12:33:18","slug":"gracias-por-haberte-inscrito-a-la-charla","status":"publish","type":"page","link":"https:\/\/florecimientohumano.net\/en\/gracias-por-haberte-inscrito-a-la-charla\/","title":{"rendered":"!Gracias por haberte inscrito a la charla!"},"content":{"rendered":"<p><img loading=\"lazy\" decoding=\"async\" width=\"1024\" height=\"678\" src=\"https:\/\/florecimientohumano.net\/wp-content\/uploads\/2020\/04\/Imagen-de-JayMantri-en-Pixabay--1024x678.jpg\" alt=\"\" srcset=\"https:\/\/florecimientohumano.net\/wp-content\/uploads\/2020\/04\/Imagen-de-JayMantri-en-Pixabay--1024x678.jpg 1024w, https:\/\/florecimientohumano.net\/wp-content\/uploads\/2020\/04\/Imagen-de-JayMantri-en-Pixabay--300x199.jpg 300w, https:\/\/florecimientohumano.net\/wp-content\/uploads\/2020\/04\/Imagen-de-JayMantri-en-Pixabay--768x509.jpg 768w, https:\/\/florecimientohumano.net\/wp-content\/uploads\/2020\/04\/Imagen-de-JayMantri-en-Pixabay--610x404.jpg 610w, https:\/\/florecimientohumano.net\/wp-content\/uploads\/2020\/04\/Imagen-de-JayMantri-en-Pixabay--1080x716.jpg 1080w\" sizes=\"auto, (max-width: 1024px) 100vw, 1024px\" \/>\t\t<\/p>\n<p>Gracias por haberte apuntado a la charla y por tu inter\u00e9s en encontrar maneras aut\u00f3nomas y efectivas para desarrolarte y acceder a tu sabidur\u00eda interior. \u00a1Nos vemos en Zoom!<\/p>\n<p>Ah, y recuerda: Podr\u00e1s entrar a la charla con el link que te ha llegado al correo. La sala estar\u00e1 abierta unos 10 minutos antes para que compruebes tu conexi\u00f3n y acceso y podamos comenzar a hora.\u00a0<\/p>\n<p>Hasta pronto,\u00a0<\/p>\n<p>PhD. Laura P\u00e9rez<\/p>\n<p>\u00a0<\/p>\n<p>\u00a0<\/p>\n","protected":false},"excerpt":{"rendered":"<p>Gracias por haberte apuntado a la charla y por tu inter\u00e9s en encontrar maneras aut\u00f3nomas y efectivas para desarrolarte y acceder a tu sabidur\u00eda interior. \u00a1Nos vemos en Zoom! Ah, y recuerda: Podr\u00e1s entrar a la charla con el link que te ha llegado al correo. La sala estar\u00e1 abierta unos 10 minutos antes para [&hellip;]<\/p>\n","protected":false},"author":1,"featured_media":0,"parent":0,"menu_order":0,"comment_status":"closed","ping_status":"closed","template":"","meta":{"_et_pb_use_builder":"","_et_pb_old_content":"","_et_gb_content_width":"","footnotes":""},"class_list":["post-3289","page","type-page","status-publish","hentry"],"yoast_head":"<!-- This site is optimized with the Yoast SEO Premium plugin v24.9 (Yoast SEO v24.9) - https:\/\/yoast.com\/wordpress\/plugins\/seo\/ -->\n<title>!Gracias por haberte inscrito a la charla! - Florecimiento humano<\/title>\n<meta name=\"robots\" content=\"index, follow, max-snippet:-1, max-image-preview:large, max-video-preview:-1\" \/>\n<link rel=\"canonical\" href=\"https:\/\/florecimientohumano.net\/gracias-por-haberte-inscrito-a-la-charla\/\" \/>\n<meta property=\"og:locale\" content=\"en_US\" \/>\n<meta property=\"og:type\" content=\"article\" \/>\n<meta property=\"og:title\" content=\"!Gracias por haberte inscrito a la charla!\" \/>\n<meta property=\"og:description\" content=\"Gracias por haberte apuntado a la charla y por tu inter\u00e9s en encontrar maneras aut\u00f3nomas y efectivas para desarrolarte y acceder a tu sabidur\u00eda interior. \u00a1Nos vemos en Zoom! Ah, y recuerda: Podr\u00e1s entrar a la charla con el link que te ha llegado al correo. La sala estar\u00e1 abierta unos 10 minutos antes para [&hellip;]\" \/>\n<meta property=\"og:url\" content=\"https:\/\/florecimientohumano.net\/gracias-por-haberte-inscrito-a-la-charla\/\" \/>\n<meta property=\"og:site_name\" content=\"Florecimiento humano\" \/>\n<meta property=\"article:modified_time\" content=\"2020-04-10T12:33:18+00:00\" \/>\n<meta property=\"og:image\" content=\"https:\/\/florecimientohumano.net\/wp-content\/uploads\/2020\/04\/Imagen-de-JayMantri-en-Pixabay--1024x678.jpg\" \/>\n<meta name=\"twitter:card\" content=\"summary_large_image\" \/>\n<script type=\"application\/ld+json\" class=\"yoast-schema-graph\">{\"@context\":\"https:\/\/schema.org\",\"@graph\":[{\"@type\":\"WebPage\",\"@id\":\"https:\/\/florecimientohumano.net\/gracias-por-haberte-inscrito-a-la-charla\/\",\"url\":\"https:\/\/florecimientohumano.net\/gracias-por-haberte-inscrito-a-la-charla\/\",\"name\":\"!Gracias por haberte inscrito a la charla! - Florecimiento humano\",\"isPartOf\":{\"@id\":\"https:\/\/florecimientohumano.net\/#website\"},\"primaryImageOfPage\":{\"@id\":\"https:\/\/florecimientohumano.net\/gracias-por-haberte-inscrito-a-la-charla\/#primaryimage\"},\"image\":{\"@id\":\"https:\/\/florecimientohumano.net\/gracias-por-haberte-inscrito-a-la-charla\/#primaryimage\"},\"thumbnailUrl\":\"https:\/\/florecimientohumano.net\/wp-content\/uploads\/2020\/04\/Imagen-de-JayMantri-en-Pixabay--1024x678.jpg\",\"datePublished\":\"2020-04-10T12:23:46+00:00\",\"dateModified\":\"2020-04-10T12:33:18+00:00\",\"breadcrumb\":{\"@id\":\"https:\/\/florecimientohumano.net\/gracias-por-haberte-inscrito-a-la-charla\/#breadcrumb\"},\"inLanguage\":\"en-US\",\"potentialAction\":[{\"@type\":\"ReadAction\",\"target\":[\"https:\/\/florecimientohumano.net\/gracias-por-haberte-inscrito-a-la-charla\/\"]}]},{\"@type\":\"ImageObject\",\"inLanguage\":\"en-US\",\"@id\":\"https:\/\/florecimientohumano.net\/gracias-por-haberte-inscrito-a-la-charla\/#primaryimage\",\"url\":\"https:\/\/florecimientohumano.net\/wp-content\/uploads\/2020\/04\/Imagen-de-JayMantri-en-Pixabay--1024x678.jpg\",\"contentUrl\":\"https:\/\/florecimientohumano.net\/wp-content\/uploads\/2020\/04\/Imagen-de-JayMantri-en-Pixabay--1024x678.jpg\"},{\"@type\":\"BreadcrumbList\",\"@id\":\"https:\/\/florecimientohumano.net\/gracias-por-haberte-inscrito-a-la-charla\/#breadcrumb\",\"itemListElement\":[{\"@type\":\"ListItem\",\"position\":1,\"name\":\"Portada\",\"item\":\"https:\/\/florecimientohumano.net\/\"},{\"@type\":\"ListItem\",\"position\":2,\"name\":\"!Gracias por haberte inscrito a la charla!\"}]},{\"@type\":\"WebSite\",\"@id\":\"https:\/\/florecimientohumano.net\/#website\",\"url\":\"https:\/\/florecimientohumano.net\/\",\"name\":\"Florecimiento humano\",\"description\":\"Acompa\u00f1amiento online con esencia budista\",\"potentialAction\":[{\"@type\":\"SearchAction\",\"target\":{\"@type\":\"EntryPoint\",\"urlTemplate\":\"https:\/\/florecimientohumano.net\/?s={search_term_string}\"},\"query-input\":{\"@type\":\"PropertyValueSpecification\",\"valueRequired\":true,\"valueName\":\"search_term_string\"}}],\"inLanguage\":\"en-US\"}]}<\/script>\n<!-- \/ Yoast SEO Premium plugin. -->","yoast_head_json":{"title":"!Gracias por haberte inscrito a la charla! - Florecimiento humano","robots":{"index":"index","follow":"follow","max-snippet":"max-snippet:-1","max-image-preview":"max-image-preview:large","max-video-preview":"max-video-preview:-1"},"canonical":"https:\/\/florecimientohumano.net\/gracias-por-haberte-inscrito-a-la-charla\/","og_locale":"en_US","og_type":"article","og_title":"!Gracias por haberte inscrito a la charla!","og_description":"Gracias por haberte apuntado a la charla y por tu inter\u00e9s en encontrar maneras aut\u00f3nomas y efectivas para desarrolarte y acceder a tu sabidur\u00eda interior. \u00a1Nos vemos en Zoom! Ah, y recuerda: Podr\u00e1s entrar a la charla con el link que te ha llegado al correo. La sala estar\u00e1 abierta unos 10 minutos antes para [&hellip;]","og_url":"https:\/\/florecimientohumano.net\/gracias-por-haberte-inscrito-a-la-charla\/","og_site_name":"Florecimiento humano","article_modified_time":"2020-04-10T12:33:18+00:00","og_image":[{"url":"https:\/\/florecimientohumano.net\/wp-content\/uploads\/2020\/04\/Imagen-de-JayMantri-en-Pixabay--1024x678.jpg","type":"","width":"","height":""}],"twitter_card":"summary_large_image","schema":{"@context":"https:\/\/schema.org","@graph":[{"@type":"WebPage","@id":"https:\/\/florecimientohumano.net\/gracias-por-haberte-inscrito-a-la-charla\/","url":"https:\/\/florecimientohumano.net\/gracias-por-haberte-inscrito-a-la-charla\/","name":"!Gracias por haberte inscrito a la charla! - Florecimiento humano","isPartOf":{"@id":"https:\/\/florecimientohumano.net\/#website"},"primaryImageOfPage":{"@id":"https:\/\/florecimientohumano.net\/gracias-por-haberte-inscrito-a-la-charla\/#primaryimage"},"image":{"@id":"https:\/\/florecimientohumano.net\/gracias-por-haberte-inscrito-a-la-charla\/#primaryimage"},"thumbnailUrl":"https:\/\/florecimientohumano.net\/wp-content\/uploads\/2020\/04\/Imagen-de-JayMantri-en-Pixabay--1024x678.jpg","datePublished":"2020-04-10T12:23:46+00:00","dateModified":"2020-04-10T12:33:18+00:00","breadcrumb":{"@id":"https:\/\/florecimientohumano.net\/gracias-por-haberte-inscrito-a-la-charla\/#breadcrumb"},"inLanguage":"en-US","potentialAction":[{"@type":"ReadAction","target":["https:\/\/florecimientohumano.net\/gracias-por-haberte-inscrito-a-la-charla\/"]}]},{"@type":"ImageObject","inLanguage":"en-US","@id":"https:\/\/florecimientohumano.net\/gracias-por-haberte-inscrito-a-la-charla\/#primaryimage","url":"https:\/\/florecimientohumano.net\/wp-content\/uploads\/2020\/04\/Imagen-de-JayMantri-en-Pixabay--1024x678.jpg","contentUrl":"https:\/\/florecimientohumano.net\/wp-content\/uploads\/2020\/04\/Imagen-de-JayMantri-en-Pixabay--1024x678.jpg"},{"@type":"BreadcrumbList","@id":"https:\/\/florecimientohumano.net\/gracias-por-haberte-inscrito-a-la-charla\/#breadcrumb","itemListElement":[{"@type":"ListItem","position":1,"name":"Portada","item":"https:\/\/florecimientohumano.net\/"},{"@type":"ListItem","position":2,"name":"!Gracias por haberte inscrito a la charla!"}]},{"@type":"WebSite","@id":"https:\/\/florecimientohumano.net\/#website","url":"https:\/\/florecimientohumano.net\/","name":"Florecimiento humano","description":"Acompa\u00f1amiento online con esencia budista","potentialAction":[{"@type":"SearchAction","target":{"@type":"EntryPoint","urlTemplate":"https:\/\/florecimientohumano.net\/?s={search_term_string}"},"query-input":{"@type":"PropertyValueSpecification","valueRequired":true,"valueName":"search_term_string"}}],"inLanguage":"en-US"}]}},"_links":{"self":[{"href":"https:\/\/florecimientohumano.net\/en\/wp-json\/wp\/v2\/pages\/3289","targetHints":{"allow":["GET"]}}],"collection":[{"href":"https:\/\/florecimientohumano.net\/en\/wp-json\/wp\/v2\/pages"}],"about":[{"href":"https:\/\/florecimientohumano.net\/en\/wp-json\/wp\/v2\/types\/page"}],"author":[{"embeddable":true,"href":"https:\/\/florecimientohumano.net\/en\/wp-json\/wp\/v2\/users\/1"}],"replies":[{"embeddable":true,"href":"https:\/\/florecimientohumano.net\/en\/wp-json\/wp\/v2\/comments?post=3289"}],"version-history":[{"count":2,"href":"https:\/\/florecimientohumano.net\/en\/wp-json\/wp\/v2\/pages\/3289\/revisions"}],"predecessor-version":[{"id":3292,"href":"https:\/\/florecimientohumano.net\/en\/wp-json\/wp\/v2\/pages\/3289\/revisions\/3292"}],"wp:attachment":[{"href":"https:\/\/florecimientohumano.net\/en\/wp-json\/wp\/v2\/media?parent=3289"}],"curies":[{"name":"wp","href":"https:\/\/api.w.org\/{rel}","templated":true}]}}